{"id":70754,"date":"2016-05-20T20:43:51","date_gmt":"2016-05-20T20:43:51","guid":{"rendered":"http:\/\/www.lancry.cl\/web\/?page_id=70754"},"modified":"2016-07-07T20:05:51","modified_gmt":"2016-07-07T20:05:51","slug":"otros","status":"publish","type":"page","link":"http:\/\/www.lancry.cl\/web\/otros\/","title":{"rendered":"Otros"},"content":{"rendered":"<p><span style=\"color: #800080;\"><strong>Otros productos<\/strong><\/span><\/p>\n<p><em>Te ofrecemos los mejores complementos para tus productos. Queremos que siempre te sientas bella.<\/em><\/p>\n<p><span style=\"color: #ffffff;\">&#8230;<\/span><\/p>\n<div class=\"woocommerce columns-4 \">\n\n<div class=\"product-wrap\">\n    <div class=\"row\">\n                    <ul class=\"products woogrid col-xs-product-2 col-sm-product-3 col-md-product-3 col-lg-product-4 grid-layout\">\n            \n<li class=\"product cg-product-wrap\">\t\n\n    \n    <div class=\"cg-product-img\">\n        <a href=\"http:\/\/www.lancry.cl\/web\/producto\/encrespador\/\">\t\n            <div class=\"first-flip\"><img decoding=\"async\" src=\"http:\/\/www.lancry.cl\/web\/wp-content\/uploads\/2016\/05\/encrespador-300x300.png\" class=\"attachment-shop_catalog size-shop_catalog wp-post-image\" alt=\"\" srcset=\"http:\/\/www.lancry.cl\/web\/wp-content\/uploads\/2016\/05\/encrespador-150x150@2x.png 300w, http:\/\/www.lancry.cl\/web\/wp-content\/uploads\/2016\/05\/encrespador-150x150.png 150w, http:\/\/www.lancry.cl\/web\/wp-content\/uploads\/2016\/05\/encrespador-100x100.png 100w\" sizes=\"(max-width: 300px) 100vw, 300px\" \/><\/div>        \n            \n                <div class=\"back-flip\"><img decoding=\"async\" src=\"http:\/\/www.lancry.cl\/web\/wp-content\/uploads\/2016\/05\/encrespador-300x300.png\" class=\"attachment-shop_catalog size-shop_catalog wp-post-image\" alt=\"\" srcset=\"http:\/\/www.lancry.cl\/web\/wp-content\/uploads\/2016\/05\/encrespador-150x150@2x.png 300w, http:\/\/www.lancry.cl\/web\/wp-content\/uploads\/2016\/05\/encrespador-150x150.png 150w, http:\/\/www.lancry.cl\/web\/wp-content\/uploads\/2016\/05\/encrespador-100x100.png 100w\" sizes=\"(max-width: 300px) 100vw, 300px\" \/><\/div>\n\n                        <\/a>\n                    <div class=\"cg-quick-view-wrap\">\n                <a href=\"#\" class=\"cg-quick-view\" data-id=\"71037\">Vista r\u00e1pida<\/a>\n            <\/div>\n            <\/div>\n    <div class=\"cg-product-meta-wrap\">\n        <div class=\"cg-product-info\">\n            <a href=\"http:\/\/www.lancry.cl\/web\/producto\/encrespador\/\">\n                                \n                <span class=\"name\">Encrespador pesta\u00f1as<\/span>\n                        <\/a>\n                    <\/div>\n\n        <div class=\"cg-product-excerpt\">\n<div class=\"woocommerce-product-details__short-description\">\n\t<p style=\"text-align: justify;\">El encrespador de pesta\u00f1as met\u00e1lico, al encrespar, hace que sus pesta\u00f1as se vean m\u00e1s largas, d\u00e1ndole una mayor expresividad al ojo. Incluye repuesto.<\/p>\n<p style=\"text-align: justify;\"><span style=\"color: #800080;\">25MS Encrespador pesta\u00f1as con caja.<\/span><\/p>\n<p style=\"text-align: justify;\"><span style=\"color: #800080;\"><strong><a style=\"color: #800080;\" href=\"http:\/\/www.lancry.cl\/web\/producto\/set-encrespador-pinza\/\">Consulte por el set encrespador m\u00e1s pinza<\/a><\/strong><\/span><\/p>\n<p style=\"text-align: justify;\"><a href=\"http:\/\/www.lancry.cl\/web\/wp-content\/uploads\/2016\/07\/encrespador-pinza.png\"><img loading=\"lazy\" decoding=\"async\" class=\"alignleft wp-image-71263\" src=\"http:\/\/www.lancry.cl\/web\/wp-content\/uploads\/2016\/07\/encrespador-pinza.png\" alt=\"encrespador + pinza\" width=\"116\" height=\"150\" srcset=\"http:\/\/www.lancry.cl\/web\/wp-content\/uploads\/2016\/07\/encrespador-pinza.png 310w, http:\/\/www.lancry.cl\/web\/wp-content\/uploads\/2016\/07\/encrespador-pinza-233x300.png 233w\" sizes=\"auto, (max-width: 116px) 100vw, 116px\" \/><\/a><\/p>\n<p>&nbsp;<\/p>\n<p>&nbsp;<\/p>\n<p>&nbsp;<\/p>\n<p>&nbsp;<\/p>\n<p>&nbsp;<\/p>\n<p><a href=\"http:\/\/www.lancry.cl\/web\/otros\/\"><strong><span style=\"color: #800080;\">Volver a Otros<\/span><\/strong><\/a><\/p>\n<\/div>\n        <\/div>\n    <\/div>\n\n    <div class=\"cg-product-cta\"><!-- start after shop loop item -->\n<!-- end after shop loop item -->\n    <\/div>\n\n<\/li>\n\n<li class=\"product cg-product-wrap\">\t\n\n    \n    <div class=\"cg-product-img\">\n        <a href=\"http:\/\/www.lancry.cl\/web\/producto\/goma-repuesto-encrespador\/\">\t\n            <div class=\"first-flip\"><img decoding=\"async\" src=\"http:\/\/www.lancry.cl\/web\/wp-content\/uploads\/2016\/06\/goma_encrespador-copia-300x300.png\" class=\"attachment-shop_catalog size-shop_catalog wp-post-image\" alt=\"\" srcset=\"http:\/\/www.lancry.cl\/web\/wp-content\/uploads\/2016\/06\/goma_encrespador-copia-150x150@2x.png 300w, http:\/\/www.lancry.cl\/web\/wp-content\/uploads\/2016\/06\/goma_encrespador-copia-150x150.png 150w, http:\/\/www.lancry.cl\/web\/wp-content\/uploads\/2016\/06\/goma_encrespador-copia-100x100.png 100w\" sizes=\"(max-width: 300px) 100vw, 300px\" \/><\/div>        \n            \n                <div class=\"back-flip\"><img decoding=\"async\" src=\"http:\/\/www.lancry.cl\/web\/wp-content\/uploads\/2016\/06\/goma_encrespador-copia-300x300.png\" class=\"attachment-shop_catalog size-shop_catalog wp-post-image\" alt=\"\" srcset=\"http:\/\/www.lancry.cl\/web\/wp-content\/uploads\/2016\/06\/goma_encrespador-copia-150x150@2x.png 300w, http:\/\/www.lancry.cl\/web\/wp-content\/uploads\/2016\/06\/goma_encrespador-copia-150x150.png 150w, http:\/\/www.lancry.cl\/web\/wp-content\/uploads\/2016\/06\/goma_encrespador-copia-100x100.png 100w\" sizes=\"(max-width: 300px) 100vw, 300px\" \/><\/div>\n\n                        <\/a>\n                    <div class=\"cg-quick-view-wrap\">\n                <a href=\"#\" class=\"cg-quick-view\" data-id=\"71245\">Vista r\u00e1pida<\/a>\n            <\/div>\n            <\/div>\n    <div class=\"cg-product-meta-wrap\">\n        <div class=\"cg-product-info\">\n            <a href=\"http:\/\/www.lancry.cl\/web\/producto\/goma-repuesto-encrespador\/\">\n                                \n                <span class=\"name\">Goma repuesto encrespador<\/span>\n                        <\/a>\n                    <\/div>\n\n        <div class=\"cg-product-excerpt\">\n<div class=\"woocommerce-product-details__short-description\">\n\t<p style=\"text-align: justify;\">Goma repuesto encrespador<\/p>\n<p><span style=\"color: #800080;\">25-G Goma repuesto encrespador<\/span><\/p>\n<p><span style=\"color: #800080;\"><strong><a style=\"color: #800080;\" href=\"http:\/\/www.lancry.cl\/web\/producto\/goma-repuesto-6-unidades\/\">Consulte por el set\u00a0de 6 unidades<\/a><\/strong><\/span><\/p>\n<p><img loading=\"lazy\" decoding=\"async\" class=\"alignleft wp-image-71248\" src=\"http:\/\/www.lancry.cl\/web\/wp-content\/uploads\/2016\/07\/gomax6.png\" alt=\"gomax6\" width=\"116\" height=\"150\" srcset=\"http:\/\/www.lancry.cl\/web\/wp-content\/uploads\/2016\/07\/gomax6.png 310w, http:\/\/www.lancry.cl\/web\/wp-content\/uploads\/2016\/07\/gomax6-233x300.png 233w\" sizes=\"auto, (max-width: 116px) 100vw, 116px\" \/><\/p>\n<p>&nbsp;<\/p>\n<p>&nbsp;<\/p>\n<p>&nbsp;<\/p>\n<p>&nbsp;<\/p>\n<p>&nbsp;<\/p>\n<p><a href=\"http:\/\/www.lancry.cl\/web\/otros\/\"><span style=\"color: #800080;\"><strong>Volver a Otros<\/strong><\/span><\/a><\/p>\n<\/div>\n        <\/div>\n    <\/div>\n\n    <div class=\"cg-product-cta\"><!-- start after shop loop item -->\n<!-- end after shop loop item -->\n    <\/div>\n\n<\/li>\n\t\t<\/ul>\n\t    <\/div>\n<\/div><\/div>\n","protected":false},"excerpt":{"rendered":"<p>Otros productos Te ofrecemos los mejores complementos para tus productos. Queremos que siempre te sientas bella. &#8230;<\/p>\n","protected":false},"author":1,"featured_media":0,"parent":0,"menu_order":0,"comment_status":"closed","ping_status":"closed","template":"","meta":{"_joinchat":[],"footnotes":""},"class_list":["post-70754","page","type-page","status-publish","hentry"],"_links":{"self":[{"href":"http:\/\/www.lancry.cl\/web\/wp-json\/wp\/v2\/pages\/70754","targetHints":{"allow":["GET"]}}],"collection":[{"href":"http:\/\/www.lancry.cl\/web\/wp-json\/wp\/v2\/pages"}],"about":[{"href":"http:\/\/www.lancry.cl\/web\/wp-json\/wp\/v2\/types\/page"}],"author":[{"embeddable":true,"href":"http:\/\/www.lancry.cl\/web\/wp-json\/wp\/v2\/users\/1"}],"replies":[{"embeddable":true,"href":"http:\/\/www.lancry.cl\/web\/wp-json\/wp\/v2\/comments?post=70754"}],"version-history":[{"count":7,"href":"http:\/\/www.lancry.cl\/web\/wp-json\/wp\/v2\/pages\/70754\/revisions"}],"predecessor-version":[{"id":71238,"href":"http:\/\/www.lancry.cl\/web\/wp-json\/wp\/v2\/pages\/70754\/revisions\/71238"}],"wp:attachment":[{"href":"http:\/\/www.lancry.cl\/web\/wp-json\/wp\/v2\/media?parent=70754"}],"curies":[{"name":"wp","href":"https:\/\/api.w.org\/{rel}","templated":true}]}}