{"id":71219,"date":"2016-07-05T19:28:53","date_gmt":"2016-07-05T19:28:53","guid":{"rendered":"http:\/\/www.lancry.cl\/web\/?page_id=71219"},"modified":"2016-07-05T19:28:53","modified_gmt":"2016-07-05T19:28:53","slug":"lapiz-delineador","status":"publish","type":"page","link":"http:\/\/www.lancry.cl\/web\/lapiz-delineador\/","title":{"rendered":"L\u00e1piz Delineador"},"content":{"rendered":"<p><!--more--><\/p>\n<p><span style=\"color: #800080;\"><b>Delineador<\/b><\/span><\/p>\n<p><i>Contamos con delineadores\u00a0\u00a0para labios y ojos, en gran variedad de colores.<\/i><\/p>\n<p><span style=\"color: #ffffff;\">&#8230;<\/span><\/p>\n<div class=\"woocommerce columns-4 \">\n\n<div class=\"product-wrap\">\n    <div class=\"row\">\n                    <ul class=\"products woogrid col-xs-product-2 col-sm-product-3 col-md-product-3 col-lg-product-4 grid-layout\">\n            \n<li class=\"product cg-product-wrap\">\t\n\n    \n    <div class=\"cg-product-img\">\n        <a href=\"http:\/\/www.lancry.cl\/web\/producto\/delineador-ojos-verde-petroleo\/\">\t\n            <div class=\"first-flip\"><img decoding=\"async\" src=\"http:\/\/www.lancry.cl\/web\/wp-content\/uploads\/2016\/05\/d-ojos-verde-petroleo-54-300x300.png\" class=\"attachment-shop_catalog size-shop_catalog wp-post-image\" alt=\"\" srcset=\"http:\/\/www.lancry.cl\/web\/wp-content\/uploads\/2016\/05\/d-ojos-verde-petroleo-54-150x150@2x.png 300w, http:\/\/www.lancry.cl\/web\/wp-content\/uploads\/2016\/05\/d-ojos-verde-petroleo-54-150x150.png 150w, http:\/\/www.lancry.cl\/web\/wp-content\/uploads\/2016\/05\/d-ojos-verde-petroleo-54-100x100.png 100w\" sizes=\"(max-width: 300px) 100vw, 300px\" \/><\/div>        \n            \n                <div class=\"back-flip\"><img decoding=\"async\" src=\"http:\/\/www.lancry.cl\/web\/wp-content\/uploads\/2016\/05\/d-ojos-verde-petroleo-54-300x300.png\" class=\"attachment-shop_catalog size-shop_catalog wp-post-image\" alt=\"\" srcset=\"http:\/\/www.lancry.cl\/web\/wp-content\/uploads\/2016\/05\/d-ojos-verde-petroleo-54-150x150@2x.png 300w, http:\/\/www.lancry.cl\/web\/wp-content\/uploads\/2016\/05\/d-ojos-verde-petroleo-54-150x150.png 150w, http:\/\/www.lancry.cl\/web\/wp-content\/uploads\/2016\/05\/d-ojos-verde-petroleo-54-100x100.png 100w\" sizes=\"(max-width: 300px) 100vw, 300px\" \/><\/div>\n\n                        <\/a>\n                    <div class=\"cg-quick-view-wrap\">\n                <a href=\"#\" class=\"cg-quick-view\" data-id=\"70890\">Vista r\u00e1pida<\/a>\n            <\/div>\n            <\/div>\n    <div class=\"cg-product-meta-wrap\">\n        <div class=\"cg-product-info\">\n            <a href=\"http:\/\/www.lancry.cl\/web\/producto\/delineador-ojos-verde-petroleo\/\">\n                                \n                <span class=\"name\">Delineadores de Ojos<\/span>\n                        <\/a>\n                    <\/div>\n\n        <div class=\"cg-product-excerpt\">\n<div class=\"woocommerce-product-details__short-description\">\n\t<p style=\"text-align: justify;\">Atractivos delineadores de ojos, dar\u00e1 m\u00e1s expresividad a tu mirada.<\/p>\n<p style=\"text-align: justify;\"><a href=\"http:\/\/www.lancry.cl\/web\/wp-content\/uploads\/2016\/05\/delineador_ojos_OK-1.png\"><img loading=\"lazy\" decoding=\"async\" width=\"561\" height=\"253\" class=\"aligncenter size-full wp-image-71436\" src=\"http:\/\/www.lancry.cl\/web\/wp-content\/uploads\/2016\/05\/delineador_ojos_OK-1.png\" alt=\"delineador_ojos_ok\" srcset=\"http:\/\/www.lancry.cl\/web\/wp-content\/uploads\/2016\/05\/delineador_ojos_OK-1.png 561w, http:\/\/www.lancry.cl\/web\/wp-content\/uploads\/2016\/05\/delineador_ojos_OK-1-150x68@2x.png 300w, http:\/\/www.lancry.cl\/web\/wp-content\/uploads\/2016\/05\/delineador_ojos_OK-1-150x68.png 150w, http:\/\/www.lancry.cl\/web\/wp-content\/uploads\/2016\/05\/delineador_ojos_OK-1-190x86.png 190w, http:\/\/www.lancry.cl\/web\/wp-content\/uploads\/2016\/05\/delineador_ojos_OK-1-500x225.png 500w, http:\/\/www.lancry.cl\/web\/wp-content\/uploads\/2016\/05\/delineador_ojos_OK-1-190x86@2x.png 380w\" sizes=\"auto, (max-width: 561px) 100vw, 561px\" \/><\/a><\/p>\n<p style=\"text-align: justify;\"><a href=\"http:\/\/www.lancry.cl\/web\/lapiz-delineador\/\"><span style=\"color: #800080;\"><strong>Volver a Delineadores<\/strong><\/span><\/a><\/p>\n<\/div>\n        <\/div>\n    <\/div>\n\n    <div class=\"cg-product-cta\"><!-- start after shop loop item -->\n<!-- end after shop loop item -->\n    <\/div>\n\n<\/li>\n\n<li class=\"product cg-product-wrap\">\t\n\n    \n    <div class=\"cg-product-img\">\n        <a href=\"http:\/\/www.lancry.cl\/web\/producto\/delineador-cejas-cafe\/\">\t\n            <div class=\"first-flip\"><img decoding=\"async\" src=\"http:\/\/www.lancry.cl\/web\/wp-content\/uploads\/2016\/05\/d-cejas-300x300.png\" class=\"attachment-shop_catalog size-shop_catalog wp-post-image\" alt=\"\" srcset=\"http:\/\/www.lancry.cl\/web\/wp-content\/uploads\/2016\/05\/d-cejas-150x150@2x.png 300w, http:\/\/www.lancry.cl\/web\/wp-content\/uploads\/2016\/05\/d-cejas-150x150.png 150w, http:\/\/www.lancry.cl\/web\/wp-content\/uploads\/2016\/05\/d-cejas-100x100.png 100w\" sizes=\"(max-width: 300px) 100vw, 300px\" \/><\/div>        \n            \n                <div class=\"back-flip\"><img decoding=\"async\" src=\"http:\/\/www.lancry.cl\/web\/wp-content\/uploads\/2016\/05\/d-cejas-300x300.png\" class=\"attachment-shop_catalog size-shop_catalog wp-post-image\" alt=\"\" srcset=\"http:\/\/www.lancry.cl\/web\/wp-content\/uploads\/2016\/05\/d-cejas-150x150@2x.png 300w, http:\/\/www.lancry.cl\/web\/wp-content\/uploads\/2016\/05\/d-cejas-150x150.png 150w, http:\/\/www.lancry.cl\/web\/wp-content\/uploads\/2016\/05\/d-cejas-100x100.png 100w\" sizes=\"(max-width: 300px) 100vw, 300px\" \/><\/div>\n\n                        <\/a>\n                    <div class=\"cg-quick-view-wrap\">\n                <a href=\"#\" class=\"cg-quick-view\" data-id=\"70875\">Vista r\u00e1pida<\/a>\n            <\/div>\n            <\/div>\n    <div class=\"cg-product-meta-wrap\">\n        <div class=\"cg-product-info\">\n            <a href=\"http:\/\/www.lancry.cl\/web\/producto\/delineador-cejas-cafe\/\">\n                                \n                <span class=\"name\">Delineador de Cejas<\/span>\n                        <\/a>\n                    <\/div>\n\n        <div class=\"cg-product-excerpt\">\n<div class=\"woocommerce-product-details__short-description\">\n\t<p style=\"text-align: justify;\">Atractivo delineador de cejas, dar\u00e1 m\u00e1s fuerza\u00a0a tu rostro.<\/p>\n<p style=\"text-align: justify;\"><a href=\"http:\/\/www.lancry.cl\/web\/wp-content\/uploads\/2016\/05\/color_cafe.jpg\"><img loading=\"lazy\" decoding=\"async\" width=\"83\" height=\"93\" class=\"aligncenter size-full wp-image-71440\" src=\"http:\/\/www.lancry.cl\/web\/wp-content\/uploads\/2016\/05\/color_cafe.jpg\" alt=\"color_cafe\" \/><\/a><\/p>\n<p style=\"text-align: justify;\"><span style=\"color: #800080;\">L\u00e1piz delineador de cejas caf\u00e9<\/span><\/p>\n<p style=\"text-align: justify;\"><a href=\"http:\/\/www.lancry.cl\/web\/lapiz-delineador\/\"><span style=\"color: #800080;\"><strong>Volver a Delineadores<\/strong><\/span><\/a><\/p>\n<\/div>\n        <\/div>\n    <\/div>\n\n    <div class=\"cg-product-cta\"><!-- start after shop loop item -->\n<!-- end after shop loop item -->\n    <\/div>\n\n<\/li>\n\n<li class=\"product cg-product-wrap\">\t\n\n    \n    <div class=\"cg-product-img\">\n        <a href=\"http:\/\/www.lancry.cl\/web\/producto\/delineador-labio-rojo\/\">\t\n            <div class=\"first-flip\"><img decoding=\"async\" src=\"http:\/\/www.lancry.cl\/web\/wp-content\/uploads\/2016\/05\/d_labios-300x300.png\" class=\"attachment-shop_catalog size-shop_catalog wp-post-image\" alt=\"\" srcset=\"http:\/\/www.lancry.cl\/web\/wp-content\/uploads\/2016\/05\/d_labios-150x150@2x.png 300w, http:\/\/www.lancry.cl\/web\/wp-content\/uploads\/2016\/05\/d_labios-150x150.png 150w, http:\/\/www.lancry.cl\/web\/wp-content\/uploads\/2016\/05\/d_labios-100x100.png 100w\" sizes=\"(max-width: 300px) 100vw, 300px\" \/><\/div>        \n            \n                <div class=\"back-flip\"><img decoding=\"async\" src=\"http:\/\/www.lancry.cl\/web\/wp-content\/uploads\/2016\/05\/d_labios-300x300.png\" class=\"attachment-shop_catalog size-shop_catalog wp-post-image\" alt=\"\" srcset=\"http:\/\/www.lancry.cl\/web\/wp-content\/uploads\/2016\/05\/d_labios-150x150@2x.png 300w, http:\/\/www.lancry.cl\/web\/wp-content\/uploads\/2016\/05\/d_labios-150x150.png 150w, http:\/\/www.lancry.cl\/web\/wp-content\/uploads\/2016\/05\/d_labios-100x100.png 100w\" sizes=\"(max-width: 300px) 100vw, 300px\" \/><\/div>\n\n                        <\/a>\n                    <div class=\"cg-quick-view-wrap\">\n                <a href=\"#\" class=\"cg-quick-view\" data-id=\"70872\">Vista r\u00e1pida<\/a>\n            <\/div>\n            <\/div>\n    <div class=\"cg-product-meta-wrap\">\n        <div class=\"cg-product-info\">\n            <a href=\"http:\/\/www.lancry.cl\/web\/producto\/delineador-labio-rojo\/\">\n                                \n                <span class=\"name\">Delineador de Labios<\/span>\n                        <\/a>\n                    <\/div>\n\n        <div class=\"cg-product-excerpt\">\n<div class=\"woocommerce-product-details__short-description\">\n\t<p style=\"text-align: justify;\">Atractivos delineadores de labios, dar\u00e1 m\u00e1s\u00a0definici\u00f3n a tu boca.<\/p>\n<p style=\"text-align: justify;\"><a href=\"http:\/\/www.lancry.cl\/web\/wp-content\/uploads\/2016\/05\/colores_delineador_labiosOK-1.png\"><img loading=\"lazy\" decoding=\"async\" width=\"561\" height=\"249\" class=\"aligncenter size-full wp-image-71435\" src=\"http:\/\/www.lancry.cl\/web\/wp-content\/uploads\/2016\/05\/colores_delineador_labiosOK-1.png\" alt=\"colores_delineador_labiosok\" srcset=\"http:\/\/www.lancry.cl\/web\/wp-content\/uploads\/2016\/05\/colores_delineador_labiosOK-1.png 561w, http:\/\/www.lancry.cl\/web\/wp-content\/uploads\/2016\/05\/colores_delineador_labiosOK-1-150x67@2x.png 300w, http:\/\/www.lancry.cl\/web\/wp-content\/uploads\/2016\/05\/colores_delineador_labiosOK-1-150x67.png 150w, http:\/\/www.lancry.cl\/web\/wp-content\/uploads\/2016\/05\/colores_delineador_labiosOK-1-190x84.png 190w, http:\/\/www.lancry.cl\/web\/wp-content\/uploads\/2016\/05\/colores_delineador_labiosOK-1-500x222.png 500w, http:\/\/www.lancry.cl\/web\/wp-content\/uploads\/2016\/05\/colores_delineador_labiosOK-1-190x84@2x.png 380w\" sizes=\"auto, (max-width: 561px) 100vw, 561px\" \/><\/a><\/p>\n<p style=\"text-align: justify;\">\n<p>&nbsp;<\/p>\n<p><a href=\"http:\/\/www.lancry.cl\/web\/lapiz-delineador\/\"><span style=\"color: #800080;\"><strong>Volver a Delineadores<\/strong><\/span><\/a><\/p>\n<\/div>\n        <\/div>\n    <\/div>\n\n    <div class=\"cg-product-cta\"><!-- start after shop loop item -->\n<!-- end after shop loop item -->\n    <\/div>\n\n<\/li>\n\n<li class=\"product cg-product-wrap\">\t\n\n    \n    <div class=\"cg-product-img\">\n        <a href=\"http:\/\/www.lancry.cl\/web\/producto\/delineador-ojos-liquido\/\">\t\n            <div class=\"first-flip\"><img decoding=\"async\" src=\"http:\/\/www.lancry.cl\/web\/wp-content\/uploads\/2016\/05\/delineador-ojos-liquido-3203-copia-300x300.png\" class=\"attachment-shop_catalog size-shop_catalog wp-post-image\" alt=\"\" srcset=\"http:\/\/www.lancry.cl\/web\/wp-content\/uploads\/2016\/05\/delineador-ojos-liquido-3203-copia-150x150@2x.png 300w, http:\/\/www.lancry.cl\/web\/wp-content\/uploads\/2016\/05\/delineador-ojos-liquido-3203-copia-150x150.png 150w, http:\/\/www.lancry.cl\/web\/wp-content\/uploads\/2016\/05\/delineador-ojos-liquido-3203-copia-100x100.png 100w\" sizes=\"(max-width: 300px) 100vw, 300px\" \/><\/div>        \n            \n                <div class=\"back-flip\"><img decoding=\"async\" src=\"http:\/\/www.lancry.cl\/web\/wp-content\/uploads\/2016\/05\/delineador-ojos-liquido-3203-copia-300x300.png\" class=\"attachment-shop_catalog size-shop_catalog wp-post-image\" alt=\"\" srcset=\"http:\/\/www.lancry.cl\/web\/wp-content\/uploads\/2016\/05\/delineador-ojos-liquido-3203-copia-150x150@2x.png 300w, http:\/\/www.lancry.cl\/web\/wp-content\/uploads\/2016\/05\/delineador-ojos-liquido-3203-copia-150x150.png 150w, http:\/\/www.lancry.cl\/web\/wp-content\/uploads\/2016\/05\/delineador-ojos-liquido-3203-copia-100x100.png 100w\" sizes=\"(max-width: 300px) 100vw, 300px\" \/><\/div>\n\n                        <\/a>\n                    <div class=\"cg-quick-view-wrap\">\n                <a href=\"#\" class=\"cg-quick-view\" data-id=\"70931\">Vista r\u00e1pida<\/a>\n            <\/div>\n            <\/div>\n    <div class=\"cg-product-meta-wrap\">\n        <div class=\"cg-product-info\">\n            <a href=\"http:\/\/www.lancry.cl\/web\/producto\/delineador-ojos-liquido\/\">\n                                \n                <span class=\"name\">Delineador L\u00edquido<\/span>\n                        <\/a>\n                    <\/div>\n\n        <div class=\"cg-product-excerpt\">\n<div class=\"woocommerce-product-details__short-description\">\n\t<p style=\"text-align: justify;\">Delineador de ojos l\u00edquido, para un acabado m\u00e1s llamativo y expresivo.<\/p>\n<p style=\"text-align: justify;\"><span style=\"color: #800080;\">Delineador l\u00edquido<\/span><\/p>\n<p style=\"text-align: justify;\"><a href=\"http:\/\/www.lancry.cl\/web\/lapiz-delineador\/\"><strong><span style=\"color: #800080;\">Volver a Delineadores<\/span><\/strong><\/a><\/p>\n<\/div>\n        <\/div>\n    <\/div>\n\n    <div class=\"cg-product-cta\"><!-- start after shop loop item -->\n<!-- end after shop loop item -->\n    <\/div>\n\n<\/li>\n\n<li class=\"product cg-product-wrap\">\t\n\n    \n    <div class=\"cg-product-img\">\n        <a href=\"http:\/\/www.lancry.cl\/web\/producto\/sacapuntas-doble\/\">\t\n            <div class=\"first-flip\"><img decoding=\"async\" src=\"http:\/\/www.lancry.cl\/web\/wp-content\/uploads\/2016\/05\/sacapunta-doble-3394-300x300.png\" class=\"attachment-shop_catalog size-shop_catalog wp-post-image\" alt=\"\" srcset=\"http:\/\/www.lancry.cl\/web\/wp-content\/uploads\/2016\/05\/sacapunta-doble-3394-150x150@2x.png 300w, http:\/\/www.lancry.cl\/web\/wp-content\/uploads\/2016\/05\/sacapunta-doble-3394-150x150.png 150w, http:\/\/www.lancry.cl\/web\/wp-content\/uploads\/2016\/05\/sacapunta-doble-3394-100x100.png 100w\" sizes=\"(max-width: 300px) 100vw, 300px\" \/><\/div>        \n            \n                <div class=\"back-flip\"><img decoding=\"async\" src=\"http:\/\/www.lancry.cl\/web\/wp-content\/uploads\/2016\/05\/sacapunta-doble-3394-300x300.png\" class=\"attachment-shop_catalog size-shop_catalog wp-post-image\" alt=\"\" srcset=\"http:\/\/www.lancry.cl\/web\/wp-content\/uploads\/2016\/05\/sacapunta-doble-3394-150x150@2x.png 300w, http:\/\/www.lancry.cl\/web\/wp-content\/uploads\/2016\/05\/sacapunta-doble-3394-150x150.png 150w, http:\/\/www.lancry.cl\/web\/wp-content\/uploads\/2016\/05\/sacapunta-doble-3394-100x100.png 100w\" sizes=\"(max-width: 300px) 100vw, 300px\" \/><\/div>\n\n                        <\/a>\n                    <div class=\"cg-quick-view-wrap\">\n                <a href=\"#\" class=\"cg-quick-view\" data-id=\"70937\">Vista r\u00e1pida<\/a>\n            <\/div>\n            <\/div>\n    <div class=\"cg-product-meta-wrap\">\n        <div class=\"cg-product-info\">\n            <a href=\"http:\/\/www.lancry.cl\/web\/producto\/sacapuntas-doble\/\">\n                                \n                <span class=\"name\">Sacapuntas doble<\/span>\n                        <\/a>\n                    <\/div>\n\n        <div class=\"cg-product-excerpt\">\n<div class=\"woocommerce-product-details__short-description\">\n\t<p style=\"text-align: justify;\">Pr\u00e1ctico sacapunta doble, para dos tama\u00f1os de l\u00e1pices.<\/p>\n<p style=\"text-align: justify;\"><span style=\"color: #800080;\">Sacapuntas doble<\/span><\/p>\n<p style=\"text-align: justify;\"><a href=\"http:\/\/www.lancry.cl\/web\/lapiz-delineador\/\"><strong><span style=\"color: #800080;\">Volver a Delineadores<\/span><\/strong><\/a><\/p>\n<\/div>\n        <\/div>\n    <\/div>\n\n    <div class=\"cg-product-cta\"><!-- start after shop loop item -->\n<!-- end after shop loop item -->\n    <\/div>\n\n<\/li>\n\n<li class=\"product cg-product-wrap\">\t\n\n    \n    <div class=\"cg-product-img\">\n        <a href=\"http:\/\/www.lancry.cl\/web\/producto\/sacapunta-con-tapa\/\">\t\n            <div class=\"first-flip\"><img decoding=\"async\" src=\"http:\/\/www.lancry.cl\/web\/wp-content\/uploads\/2016\/05\/sacapunta-con-tapa-3390-copia-300x300.png\" class=\"attachment-shop_catalog size-shop_catalog wp-post-image\" alt=\"\" srcset=\"http:\/\/www.lancry.cl\/web\/wp-content\/uploads\/2016\/05\/sacapunta-con-tapa-3390-copia-150x150@2x.png 300w, http:\/\/www.lancry.cl\/web\/wp-content\/uploads\/2016\/05\/sacapunta-con-tapa-3390-copia-150x150.png 150w, http:\/\/www.lancry.cl\/web\/wp-content\/uploads\/2016\/05\/sacapunta-con-tapa-3390-copia-100x100.png 100w\" sizes=\"(max-width: 300px) 100vw, 300px\" \/><\/div>        \n            \n                <div class=\"back-flip\"><img decoding=\"async\" src=\"http:\/\/www.lancry.cl\/web\/wp-content\/uploads\/2016\/05\/sacapunta-con-tapa-3390-copia-300x300.png\" class=\"attachment-shop_catalog size-shop_catalog wp-post-image\" alt=\"\" srcset=\"http:\/\/www.lancry.cl\/web\/wp-content\/uploads\/2016\/05\/sacapunta-con-tapa-3390-copia-150x150@2x.png 300w, http:\/\/www.lancry.cl\/web\/wp-content\/uploads\/2016\/05\/sacapunta-con-tapa-3390-copia-150x150.png 150w, http:\/\/www.lancry.cl\/web\/wp-content\/uploads\/2016\/05\/sacapunta-con-tapa-3390-copia-100x100.png 100w\" sizes=\"(max-width: 300px) 100vw, 300px\" \/><\/div>\n\n                        <\/a>\n                    <div class=\"cg-quick-view-wrap\">\n                <a href=\"#\" class=\"cg-quick-view\" data-id=\"70935\">Vista r\u00e1pida<\/a>\n            <\/div>\n            <\/div>\n    <div class=\"cg-product-meta-wrap\">\n        <div class=\"cg-product-info\">\n            <a href=\"http:\/\/www.lancry.cl\/web\/producto\/sacapunta-con-tapa\/\">\n                                \n                <span class=\"name\">Sacapuntas c\/ tapa<\/span>\n                        <\/a>\n                    <\/div>\n\n        <div class=\"cg-product-excerpt\">\n<div class=\"woocommerce-product-details__short-description\">\n\t<p style=\"text-align: justify;\">C\u00f3modo sacapuntas con tapa, almacena la viruta que se desprende\u00a0de los l\u00e1pices.<\/p>\n<p style=\"text-align: justify;\"><span style=\"color: #800080;\">Sacapuntas con tapa<\/span><\/p>\n<p style=\"text-align: justify;\"><a href=\"http:\/\/www.lancry.cl\/web\/lapiz-delineador\/\"><span style=\"color: #800080;\"><strong>Volver a Delineadores<\/strong><\/span><\/a><\/p>\n<\/div>\n        <\/div>\n    <\/div>\n\n    <div class=\"cg-product-cta\"><!-- start after shop loop item -->\n<!-- end after shop loop item -->\n    <\/div>\n\n<\/li>\n\n<li class=\"product cg-product-wrap\">\t\n\n    \n    <div class=\"cg-product-img\">\n        <a href=\"http:\/\/www.lancry.cl\/web\/producto\/sacapuntas-chico\/\">\t\n            <div class=\"first-flip\"><img decoding=\"async\" src=\"http:\/\/www.lancry.cl\/web\/wp-content\/uploads\/2016\/05\/sacapunta_chico-300x300.png\" class=\"attachment-shop_catalog size-shop_catalog wp-post-image\" alt=\"\" srcset=\"http:\/\/www.lancry.cl\/web\/wp-content\/uploads\/2016\/05\/sacapunta_chico-150x150@2x.png 300w, http:\/\/www.lancry.cl\/web\/wp-content\/uploads\/2016\/05\/sacapunta_chico-150x150.png 150w, http:\/\/www.lancry.cl\/web\/wp-content\/uploads\/2016\/05\/sacapunta_chico-100x100.png 100w\" sizes=\"(max-width: 300px) 100vw, 300px\" \/><\/div>        \n            \n                <div class=\"back-flip\"><img decoding=\"async\" src=\"http:\/\/www.lancry.cl\/web\/wp-content\/uploads\/2016\/05\/sacapunta_chico-300x300.png\" class=\"attachment-shop_catalog size-shop_catalog wp-post-image\" alt=\"\" srcset=\"http:\/\/www.lancry.cl\/web\/wp-content\/uploads\/2016\/05\/sacapunta_chico-150x150@2x.png 300w, http:\/\/www.lancry.cl\/web\/wp-content\/uploads\/2016\/05\/sacapunta_chico-150x150.png 150w, http:\/\/www.lancry.cl\/web\/wp-content\/uploads\/2016\/05\/sacapunta_chico-100x100.png 100w\" sizes=\"(max-width: 300px) 100vw, 300px\" \/><\/div>\n\n                        <\/a>\n                    <div class=\"cg-quick-view-wrap\">\n                <a href=\"#\" class=\"cg-quick-view\" data-id=\"70933\">Vista r\u00e1pida<\/a>\n            <\/div>\n            <\/div>\n    <div class=\"cg-product-meta-wrap\">\n        <div class=\"cg-product-info\">\n            <a href=\"http:\/\/www.lancry.cl\/web\/producto\/sacapuntas-chico\/\">\n                                \n                <span class=\"name\">Sacapuntas chico<\/span>\n                        <\/a>\n                    <\/div>\n\n        <div class=\"cg-product-excerpt\">\n<div class=\"woocommerce-product-details__short-description\">\n\t<p style=\"text-align: justify;\">Sacapuntas para l\u00e1pices chicos. Ideal para transportar en el cosmetiquero.<\/p>\n<p style=\"text-align: justify;\"><span style=\"color: #800080;\">Sacapuntas chico<\/span><\/p>\n<p style=\"text-align: justify;\"><a href=\"http:\/\/www.lancry.cl\/web\/lapiz-delineador\/\"><strong><span style=\"color: #800080;\">Volver a Delineadores<\/span><\/strong><\/a><\/p>\n<\/div>\n        <\/div>\n    <\/div>\n\n    <div class=\"cg-product-cta\"><!-- start after shop loop item -->\n<!-- end after shop loop item -->\n    <\/div>\n\n<\/li>\n\t\t<\/ul>\n\t    <\/div>\n<\/div><\/div>\n","protected":false},"excerpt":{"rendered":"Delineador Contamos con delineadores\u00a0\u00a0para labios y ojos, en gran variedad de colores. ... Vista r\u00e1pida Delineadores de Ojos Atractivos delineadores de ojos, dar\u00e1 m\u00e1s expresividad a tu mirada. Volver a Delineadores Vista r\u00e1pida Delineador de Cejas Atractivo delineador de cejas, dar\u00e1 m\u00e1s fuerza\u00a0a tu rostro. L\u00e1piz delineador de cejas caf\u00e9 Volver a Delineadores Vista r\u00e1pida [...]","protected":false},"author":1,"featured_media":0,"parent":0,"menu_order":0,"comment_status":"closed","ping_status":"closed","template":"","meta":{"_joinchat":[],"footnotes":""},"class_list":["post-71219","page","type-page","status-publish","hentry"],"_links":{"self":[{"href":"http:\/\/www.lancry.cl\/web\/wp-json\/wp\/v2\/pages\/71219","targetHints":{"allow":["GET"]}}],"collection":[{"href":"http:\/\/www.lancry.cl\/web\/wp-json\/wp\/v2\/pages"}],"about":[{"href":"http:\/\/www.lancry.cl\/web\/wp-json\/wp\/v2\/types\/page"}],"author":[{"embeddable":true,"href":"http:\/\/www.lancry.cl\/web\/wp-json\/wp\/v2\/users\/1"}],"replies":[{"embeddable":true,"href":"http:\/\/www.lancry.cl\/web\/wp-json\/wp\/v2\/comments?post=71219"}],"version-history":[{"count":1,"href":"http:\/\/www.lancry.cl\/web\/wp-json\/wp\/v2\/pages\/71219\/revisions"}],"predecessor-version":[{"id":71220,"href":"http:\/\/www.lancry.cl\/web\/wp-json\/wp\/v2\/pages\/71219\/revisions\/71220"}],"wp:attachment":[{"href":"http:\/\/www.lancry.cl\/web\/wp-json\/wp\/v2\/media?parent=71219"}],"curies":[{"name":"wp","href":"https:\/\/api.w.org\/{rel}","templated":true}]}}