{"id":71221,"date":"2016-07-05T19:30:59","date_gmt":"2016-07-05T19:30:59","guid":{"rendered":"http:\/\/www.lancry.cl\/web\/?page_id=71221"},"modified":"2016-07-27T14:18:34","modified_gmt":"2016-07-27T14:18:34","slug":"barniz","status":"publish","type":"page","link":"http:\/\/www.lancry.cl\/web\/barniz\/","title":{"rendered":"Barniz"},"content":{"rendered":"<p><!--more--><\/p>\n<p><span style=\"color: #800080;\"><b>Barniz<\/b><\/span><\/p>\n<p><i>Nuestros esmaltes para u\u00f1as, brillantes y perlados, tienen un acabado profesional, protegen tus u\u00f1as y embellecen tus manos con nuestra variedad de color.<\/i><\/p>\n<p><span style=\"color: #ffffff;\">&#8230;<\/span><\/p>\n<div class=\"woocommerce columns-4 \">\n\n<div class=\"product-wrap\">\n    <div class=\"row\">\n                    <ul class=\"products woogrid col-xs-product-2 col-sm-product-3 col-md-product-3 col-lg-product-4 grid-layout\">\n            \n<li class=\"product cg-product-wrap\">\t\n\n    \n    <div class=\"cg-product-img\">\n        <a href=\"http:\/\/www.lancry.cl\/web\/producto\/barniz-perlado-37\/\">\t\n            <div class=\"first-flip\"><img decoding=\"async\" src=\"http:\/\/www.lancry.cl\/web\/wp-content\/uploads\/2016\/05\/barniz-perlado-37-300x300.png\" class=\"attachment-shop_catalog size-shop_catalog wp-post-image\" alt=\"\" srcset=\"http:\/\/www.lancry.cl\/web\/wp-content\/uploads\/2016\/05\/barniz-perlado-37-150x150@2x.png 300w, http:\/\/www.lancry.cl\/web\/wp-content\/uploads\/2016\/05\/barniz-perlado-37-150x150.png 150w, http:\/\/www.lancry.cl\/web\/wp-content\/uploads\/2016\/05\/barniz-perlado-37-100x100.png 100w\" sizes=\"(max-width: 300px) 100vw, 300px\" \/><\/div>        \n            \n                <div class=\"back-flip\"><img decoding=\"async\" src=\"http:\/\/www.lancry.cl\/web\/wp-content\/uploads\/2016\/05\/barniz-perlado-37-300x300.png\" class=\"attachment-shop_catalog size-shop_catalog wp-post-image\" alt=\"\" srcset=\"http:\/\/www.lancry.cl\/web\/wp-content\/uploads\/2016\/05\/barniz-perlado-37-150x150@2x.png 300w, http:\/\/www.lancry.cl\/web\/wp-content\/uploads\/2016\/05\/barniz-perlado-37-150x150.png 150w, http:\/\/www.lancry.cl\/web\/wp-content\/uploads\/2016\/05\/barniz-perlado-37-100x100.png 100w\" sizes=\"(max-width: 300px) 100vw, 300px\" \/><\/div>\n\n                        <\/a>\n                    <div class=\"cg-quick-view-wrap\">\n                <a href=\"#\" class=\"cg-quick-view\" data-id=\"70862\">Vista r\u00e1pida<\/a>\n            <\/div>\n            <\/div>\n    <div class=\"cg-product-meta-wrap\">\n        <div class=\"cg-product-info\">\n            <a href=\"http:\/\/www.lancry.cl\/web\/producto\/barniz-perlado-37\/\">\n                                \n                <span class=\"name\">Barniz Perlado Colores<\/span>\n                        <\/a>\n                    <\/div>\n\n        <div class=\"cg-product-excerpt\">\n<div class=\"woocommerce-product-details__short-description\">\n\t<p style=\"text-align: justify;\">Barniz perlado, resistente y de excelente acabado. 15 ml.<\/p>\n<p style=\"text-align: justify;\">\u00a0<a href=\"http:\/\/www.lancry.cl\/web\/wp-content\/uploads\/2016\/05\/perlados-2.png\"><img loading=\"lazy\" decoding=\"async\" width=\"561\" height=\"218\" class=\"aligncenter size-full wp-image-71433\" src=\"http:\/\/www.lancry.cl\/web\/wp-content\/uploads\/2016\/05\/perlados-2.png\" alt=\"perlados\" srcset=\"http:\/\/www.lancry.cl\/web\/wp-content\/uploads\/2016\/05\/perlados-2.png 561w, http:\/\/www.lancry.cl\/web\/wp-content\/uploads\/2016\/05\/perlados-2-150x58@2x.png 300w, http:\/\/www.lancry.cl\/web\/wp-content\/uploads\/2016\/05\/perlados-2-150x58.png 150w, http:\/\/www.lancry.cl\/web\/wp-content\/uploads\/2016\/05\/perlados-2-190x74.png 190w, http:\/\/www.lancry.cl\/web\/wp-content\/uploads\/2016\/05\/perlados-2-500x194.png 500w, http:\/\/www.lancry.cl\/web\/wp-content\/uploads\/2016\/05\/perlados-2-190x74@2x.png 380w\" sizes=\"auto, (max-width: 561px) 100vw, 561px\" \/><\/a><a href=\"http:\/\/www.lancry.cl\/web\/wp-content\/uploads\/2016\/05\/perlados-1.png\"><br \/>\n<\/a><a href=\"http:\/\/www.lancry.cl\/web\/wp-content\/uploads\/2016\/05\/perlados.png\" rel=\"attachment wp-att-71303\"><br \/>\n<\/a><\/p>\n<p><a href=\"http:\/\/www.lancry.cl\/web\/barniz\/\"><span style=\"color: #800080;\"><strong>Volver a Barniz<\/strong><\/span><\/a><\/p>\n<\/div>\n        <\/div>\n    <\/div>\n\n    <div class=\"cg-product-cta\"><!-- start after shop loop item -->\n<!-- end after shop loop item -->\n    <\/div>\n\n<\/li>\n\n<li class=\"product cg-product-wrap\">\t\n\n    \n    <div class=\"cg-product-img\">\n        <a href=\"http:\/\/www.lancry.cl\/web\/producto\/barniz-brillante-94\/\">\t\n            <div class=\"first-flip\"><img decoding=\"async\" src=\"http:\/\/www.lancry.cl\/web\/wp-content\/uploads\/2016\/05\/barniz-brillante-94-copia-300x300.png\" class=\"attachment-shop_catalog size-shop_catalog wp-post-image\" alt=\"\" srcset=\"http:\/\/www.lancry.cl\/web\/wp-content\/uploads\/2016\/05\/barniz-brillante-94-copia-150x150@2x.png 300w, http:\/\/www.lancry.cl\/web\/wp-content\/uploads\/2016\/05\/barniz-brillante-94-copia-150x150.png 150w, http:\/\/www.lancry.cl\/web\/wp-content\/uploads\/2016\/05\/barniz-brillante-94-copia-100x100.png 100w\" sizes=\"(max-width: 300px) 100vw, 300px\" \/><\/div>        \n            \n                <div class=\"back-flip\"><img decoding=\"async\" src=\"http:\/\/www.lancry.cl\/web\/wp-content\/uploads\/2016\/05\/barniz-brillante-94-copia-300x300.png\" class=\"attachment-shop_catalog size-shop_catalog wp-post-image\" alt=\"\" srcset=\"http:\/\/www.lancry.cl\/web\/wp-content\/uploads\/2016\/05\/barniz-brillante-94-copia-150x150@2x.png 300w, http:\/\/www.lancry.cl\/web\/wp-content\/uploads\/2016\/05\/barniz-brillante-94-copia-150x150.png 150w, http:\/\/www.lancry.cl\/web\/wp-content\/uploads\/2016\/05\/barniz-brillante-94-copia-100x100.png 100w\" sizes=\"(max-width: 300px) 100vw, 300px\" \/><\/div>\n\n                        <\/a>\n                    <div class=\"cg-quick-view-wrap\">\n                <a href=\"#\" class=\"cg-quick-view\" data-id=\"70834\">Vista r\u00e1pida<\/a>\n            <\/div>\n            <\/div>\n    <div class=\"cg-product-meta-wrap\">\n        <div class=\"cg-product-info\">\n            <a href=\"http:\/\/www.lancry.cl\/web\/producto\/barniz-brillante-94\/\">\n                                \n                <span class=\"name\">Barniz Brillante Colores<\/span>\n                        <\/a>\n                    <\/div>\n\n        <div class=\"cg-product-excerpt\">\n<div class=\"woocommerce-product-details__short-description\">\n\t<p style=\"text-align: justify;\">Barniz\u00a0brillante, resistente y de excelente acabado. 15 ml.<\/p>\n<p style=\"text-align: justify;\"><a href=\"http:\/\/www.lancry.cl\/web\/wp-content\/uploads\/2016\/05\/colores_brillantes.jpg\"><img loading=\"lazy\" decoding=\"async\" width=\"561\" height=\"354\" class=\"aligncenter size-full wp-image-71437\" src=\"http:\/\/www.lancry.cl\/web\/wp-content\/uploads\/2016\/05\/colores_brillantes.jpg\" alt=\"colores_brillantes\" srcset=\"http:\/\/www.lancry.cl\/web\/wp-content\/uploads\/2016\/05\/colores_brillantes.jpg 561w, http:\/\/www.lancry.cl\/web\/wp-content\/uploads\/2016\/05\/colores_brillantes-150x95@2x.jpg 300w, http:\/\/www.lancry.cl\/web\/wp-content\/uploads\/2016\/05\/colores_brillantes-150x95.jpg 150w, http:\/\/www.lancry.cl\/web\/wp-content\/uploads\/2016\/05\/colores_brillantes-190x120.jpg 190w, http:\/\/www.lancry.cl\/web\/wp-content\/uploads\/2016\/05\/colores_brillantes-500x316.jpg 500w, http:\/\/www.lancry.cl\/web\/wp-content\/uploads\/2016\/05\/colores_brillantes-293x186.jpg 293w, http:\/\/www.lancry.cl\/web\/wp-content\/uploads\/2016\/05\/colores_brillantes-190x120@2x.jpg 380w\" sizes=\"auto, (max-width: 561px) 100vw, 561px\" \/><\/a><\/p>\n<p><a href=\"http:\/\/www.lancry.cl\/web\/barniz\/\"><span style=\"color: #800080;\"><strong>Volver a Barniz<\/strong><\/span><\/a><\/p>\n<\/div>\n        <\/div>\n    <\/div>\n\n    <div class=\"cg-product-cta\"><!-- start after shop loop item -->\n<!-- end after shop loop item -->\n    <\/div>\n\n<\/li>\n\n<li class=\"product cg-product-wrap\">\t\n\n    \n    <div class=\"cg-product-img\">\n        <a href=\"http:\/\/www.lancry.cl\/web\/producto\/quitaesmalte\/\">\t\n            <div class=\"first-flip\"><img decoding=\"async\" src=\"http:\/\/www.lancry.cl\/web\/wp-content\/uploads\/2016\/05\/quitaesmalte-3061-copia-300x300.png\" class=\"attachment-shop_catalog size-shop_catalog wp-post-image\" alt=\"\" srcset=\"http:\/\/www.lancry.cl\/web\/wp-content\/uploads\/2016\/05\/quitaesmalte-3061-copia-150x150@2x.png 300w, http:\/\/www.lancry.cl\/web\/wp-content\/uploads\/2016\/05\/quitaesmalte-3061-copia-150x150.png 150w, http:\/\/www.lancry.cl\/web\/wp-content\/uploads\/2016\/05\/quitaesmalte-3061-copia-100x100.png 100w\" sizes=\"(max-width: 300px) 100vw, 300px\" \/><\/div>        \n            \n                <div class=\"back-flip\"><img decoding=\"async\" src=\"http:\/\/www.lancry.cl\/web\/wp-content\/uploads\/2016\/05\/quitaesmalte-3061-copia-300x300.png\" class=\"attachment-shop_catalog size-shop_catalog wp-post-image\" alt=\"\" srcset=\"http:\/\/www.lancry.cl\/web\/wp-content\/uploads\/2016\/05\/quitaesmalte-3061-copia-150x150@2x.png 300w, http:\/\/www.lancry.cl\/web\/wp-content\/uploads\/2016\/05\/quitaesmalte-3061-copia-150x150.png 150w, http:\/\/www.lancry.cl\/web\/wp-content\/uploads\/2016\/05\/quitaesmalte-3061-copia-100x100.png 100w\" sizes=\"(max-width: 300px) 100vw, 300px\" \/><\/div>\n\n                        <\/a>\n                    <div class=\"cg-quick-view-wrap\">\n                <a href=\"#\" class=\"cg-quick-view\" data-id=\"70804\">Vista r\u00e1pida<\/a>\n            <\/div>\n            <\/div>\n    <div class=\"cg-product-meta-wrap\">\n        <div class=\"cg-product-info\">\n            <a href=\"http:\/\/www.lancry.cl\/web\/producto\/quitaesmalte\/\">\n                                \n                <span class=\"name\">Quitaesmalte<\/span>\n                        <\/a>\n                    <\/div>\n\n        <div class=\"cg-product-excerpt\">\n<div class=\"woocommerce-product-details__short-description\">\n\t<p style=\"text-align: justify;\">Quita esmalte. Protege y previene la fragilidad en tus u\u00f1as. 50 cc.<\/p>\n<p style=\"text-align: justify;\"><span style=\"color: #800080;\">Quitaesmalte<\/span><\/p>\n<p style=\"text-align: justify;\"><a href=\"http:\/\/www.lancry.cl\/web\/barniz\/\"><span style=\"color: #800080;\"><strong>Volver a Barniz<\/strong><\/span><\/a><\/p>\n<\/div>\n        <\/div>\n    <\/div>\n\n    <div class=\"cg-product-cta\"><!-- start after shop loop item -->\n<!-- end after shop loop item -->\n    <\/div>\n\n<\/li>\n\t\t<\/ul>\n\t    <\/div>\n<\/div><\/div>\n","protected":false},"excerpt":{"rendered":"Barniz Nuestros esmaltes para u\u00f1as, brillantes y perlados, tienen un acabado profesional, protegen tus u\u00f1as y embellecen tus manos con nuestra variedad de color. ... Vista r\u00e1pida Barniz Perlado Colores Barniz perlado, resistente y de excelente acabado. 15 ml. \u00a0 Volver a Barniz Vista r\u00e1pida Barniz Brillante Colores Barniz\u00a0brillante, resistente y de excelente acabado. 15 [...]","protected":false},"author":1,"featured_media":0,"parent":0,"menu_order":0,"comment_status":"closed","ping_status":"closed","template":"","meta":{"_joinchat":[],"footnotes":""},"class_list":["post-71221","page","type-page","status-publish","hentry"],"_links":{"self":[{"href":"http:\/\/www.lancry.cl\/web\/wp-json\/wp\/v2\/pages\/71221","targetHints":{"allow":["GET"]}}],"collection":[{"href":"http:\/\/www.lancry.cl\/web\/wp-json\/wp\/v2\/pages"}],"about":[{"href":"http:\/\/www.lancry.cl\/web\/wp-json\/wp\/v2\/types\/page"}],"author":[{"embeddable":true,"href":"http:\/\/www.lancry.cl\/web\/wp-json\/wp\/v2\/users\/1"}],"replies":[{"embeddable":true,"href":"http:\/\/www.lancry.cl\/web\/wp-json\/wp\/v2\/comments?post=71221"}],"version-history":[{"count":1,"href":"http:\/\/www.lancry.cl\/web\/wp-json\/wp\/v2\/pages\/71221\/revisions"}],"predecessor-version":[{"id":71222,"href":"http:\/\/www.lancry.cl\/web\/wp-json\/wp\/v2\/pages\/71221\/revisions\/71222"}],"wp:attachment":[{"href":"http:\/\/www.lancry.cl\/web\/wp-json\/wp\/v2\/media?parent=71221"}],"curies":[{"name":"wp","href":"https:\/\/api.w.org\/{rel}","templated":true}]}}