{"id":70776,"date":"2016-06-19T19:56:19","date_gmt":"2016-06-19T19:56:19","guid":{"rendered":"http:\/\/www.lancry.cl\/web\/?post_type=product&#038;p=70776"},"modified":"2016-10-12T15:27:08","modified_gmt":"2016-10-12T15:27:08","slug":"corta-unas","status":"publish","type":"product","link":"http:\/\/www.lancry.cl\/web\/producto\/corta-unas\/","title":{"rendered":"Corta u\u00f1as"},"content":{"rendered":"","protected":false},"excerpt":{"rendered":"<p style=\"text-align: justify;\">Corta u\u00f1as cl\u00e1sico, pr\u00e1ctico para portar en cartera, cosmetiquero y estuche.<\/p>\n<p style=\"text-align: justify;\"><span style=\"color: #800080;\">Corta u\u00f1as<\/span><\/p>\n<p style=\"text-align: justify;\"><span style=\"color: #800080;\"><strong><a style=\"color: #800080;\" href=\"http:\/\/www.lancry.cl\/web\/producto\/p-recta-corta-unas-ch\/\">Consulte por:<\/a><\/strong><\/span><\/p>\n<ul>\n<li style=\"text-align: justify;\"><span style=\"color: #800080;\"><strong>S<a style=\"color: #800080;\" href=\"http:\/\/www.lancry.cl\/web\/producto\/p-recta-corta-unas-ch\/\">et pinza recta + cortau\u00f1as chico<\/a><\/strong><\/span><\/li>\n<\/ul>\n<p style=\"text-align: justify;\"><img loading=\"lazy\" decoding=\"async\" class=\"alignnone wp-image-71409\" src=\"http:\/\/www.lancry.cl\/web\/wp-content\/uploads\/2016\/06\/pinzarectacortauna.png\" alt=\"pinzarectacortauna\" width=\"116\" height=\"150\" srcset=\"http:\/\/www.lancry.cl\/web\/wp-content\/uploads\/2016\/06\/pinzarectacortauna.png 310w, http:\/\/www.lancry.cl\/web\/wp-content\/uploads\/2016\/06\/pinzarectacortauna-233x300.png 233w\" sizes=\"auto, (max-width: 116px) 100vw, 116px\" \/><\/p>\n<ul>\n<li style=\"text-align: justify;\"><span style=\"color: #800080;\"><strong><a style=\"color: #800080;\" href=\"http:\/\/www.lancry.cl\/web\/producto\/set-manicure-1\/\">Set de Manicure 1<\/a><\/strong><\/span><\/li>\n<\/ul>\n<p style=\"text-align: justify;\"><img loading=\"lazy\" decoding=\"async\" class=\"alignnone wp-image-71406\" src=\"http:\/\/www.lancry.cl\/web\/wp-content\/uploads\/2016\/06\/set_manicure_001.png\" alt=\"set_manicure_001\" width=\"116\" height=\"150\" srcset=\"http:\/\/www.lancry.cl\/web\/wp-content\/uploads\/2016\/06\/set_manicure_001.png 310w, http:\/\/www.lancry.cl\/web\/wp-content\/uploads\/2016\/06\/set_manicure_001-233x300.png 233w\" sizes=\"auto, (max-width: 116px) 100vw, 116px\" \/><\/p>\n<ul>\n<li style=\"text-align: justify;\"><strong><a href=\"http:\/\/www.lancry.cl\/web\/producto\/corta-unas-grande-chico\/\"><span style=\"color: #800080;\">Set corta u\u00f1as + corta u\u00f1as grande<\/span><\/a><\/strong><\/li>\n<\/ul>\n<p style=\"text-align: justify;\"><img loading=\"lazy\" decoding=\"async\" class=\"alignnone wp-image-71282\" src=\"http:\/\/www.lancry.cl\/web\/wp-content\/uploads\/2016\/07\/set_cortaunas.png\" alt=\"set_cortaunas\" width=\"116\" height=\"150\" srcset=\"http:\/\/www.lancry.cl\/web\/wp-content\/uploads\/2016\/07\/set_cortaunas.png 310w, http:\/\/www.lancry.cl\/web\/wp-content\/uploads\/2016\/07\/set_cortaunas-233x300.png 233w\" sizes=\"auto, (max-width: 116px) 100vw, 116px\" \/><\/p>\n<p style=\"text-align: left;\"><a href=\"http:\/\/www.lancry.cl\/web\/manicure\/\"><span style=\"color: #800080;\"><strong>Volver a Manicure<\/strong><\/span><\/a><\/p>\n","protected":false},"featured_media":70777,"comment_status":"closed","ping_status":"closed","template":"","meta":{"_joinchat":[]},"class_list":["post-70776","product","type-product","status-publish","has-post-thumbnail","hentry","product_cat-manicure"],"_links":{"self":[{"href":"http:\/\/www.lancry.cl\/web\/wp-json\/wp\/v2\/product\/70776","targetHints":{"allow":["GET"]}}],"collection":[{"href":"http:\/\/www.lancry.cl\/web\/wp-json\/wp\/v2\/product"}],"about":[{"href":"http:\/\/www.lancry.cl\/web\/wp-json\/wp\/v2\/types\/product"}],"replies":[{"embeddable":true,"href":"http:\/\/www.lancry.cl\/web\/wp-json\/wp\/v2\/comments?post=70776"}],"wp:featuredmedia":[{"embeddable":true,"href":"http:\/\/www.lancry.cl\/web\/wp-json\/wp\/v2\/media\/70777"}],"wp:attachment":[{"href":"http:\/\/www.lancry.cl\/web\/wp-json\/wp\/v2\/media?parent=70776"}],"curies":[{"name":"wp","href":"https:\/\/api.w.org\/{rel}","templated":true}]}}