{"id":70778,"date":"2016-06-16T19:57:47","date_gmt":"2016-06-16T19:57:47","guid":{"rendered":"http:\/\/www.lancry.cl\/web\/?post_type=product&#038;p=70778"},"modified":"2016-10-25T15:49:28","modified_gmt":"2016-10-25T15:49:28","slug":"corta-unas-bebe","status":"publish","type":"product","link":"http:\/\/www.lancry.cl\/web\/producto\/corta-unas-bebe\/","title":{"rendered":"Corta u\u00f1as beb\u00e9"},"content":{"rendered":"","protected":false},"excerpt":{"rendered":"<p style=\"text-align: justify;\">Corta u\u00f1as para beb\u00e9, ideal para recortar con seguridad sus peque\u00f1as u\u00f1as.<\/p>\n<p style=\"text-align: justify;\"><span style=\"color: #800080;\">Corta u\u00f1as beb\u00e9<\/span><\/p>\n<p style=\"text-align: justify;\"><span style=\"color: #800080;\"><strong><a style=\"color: #800080;\" href=\"http:\/\/www.lancry.cl\/web\/producto\/set-bebe\/\">Consulte por el Set Beb\u00e9<\/a><\/strong><\/span><\/p>\n<p style=\"text-align: justify;\"><img loading=\"lazy\" decoding=\"async\" class=\"alignleft wp-image-70809\" src=\"http:\/\/www.lancry.cl\/web\/wp-content\/uploads\/2016\/05\/set-tijeras-u\u00c3\u00b1as-bebe-corta-u\u00c3\u00b1as-bebe-6135.png\" alt=\"set-tijeras-u\u00c3\u00b1as-bebe-+-corta-u\u00c3\u00b1as-bebe-6135\" width=\"116\" height=\"150\" srcset=\"http:\/\/www.lancry.cl\/web\/wp-content\/uploads\/2016\/05\/set-tijeras-u\u00c3\u00b1as-bebe-corta-u\u00c3\u00b1as-bebe-6135.png 310w, http:\/\/www.lancry.cl\/web\/wp-content\/uploads\/2016\/05\/set-tijeras-u\u00c3\u00b1as-bebe-corta-u\u00c3\u00b1as-bebe-6135-233x300.png 233w\" sizes=\"auto, (max-width: 116px) 100vw, 116px\" \/><\/p>\n<p>&nbsp;<\/p>\n<p>&nbsp;<\/p>\n<p>&nbsp;<\/p>\n<p>&nbsp;<\/p>\n<p>&nbsp;<\/p>\n<p><a href=\"http:\/\/www.lancry.cl\/web\/manicure\/\"><span style=\"color: #800080;\"><strong>Volver a Manicure<\/strong><\/span><\/a><\/p>\n","protected":false},"featured_media":71426,"comment_status":"closed","ping_status":"closed","template":"","meta":{"_joinchat":[]},"class_list":["post-70778","product","type-product","status-publish","has-post-thumbnail","hentry","product_cat-manicure"],"_links":{"self":[{"href":"http:\/\/www.lancry.cl\/web\/wp-json\/wp\/v2\/product\/70778","targetHints":{"allow":["GET"]}}],"collection":[{"href":"http:\/\/www.lancry.cl\/web\/wp-json\/wp\/v2\/product"}],"about":[{"href":"http:\/\/www.lancry.cl\/web\/wp-json\/wp\/v2\/types\/product"}],"replies":[{"embeddable":true,"href":"http:\/\/www.lancry.cl\/web\/wp-json\/wp\/v2\/comments?post=70778"}],"wp:featuredmedia":[{"embeddable":true,"href":"http:\/\/www.lancry.cl\/web\/wp-json\/wp\/v2\/media\/71426"}],"wp:attachment":[{"href":"http:\/\/www.lancry.cl\/web\/wp-json\/wp\/v2\/media?parent=70778"}],"curies":[{"name":"wp","href":"https:\/\/api.w.org\/{rel}","templated":true}]}}