{"id":70780,"date":"2016-06-18T19:58:47","date_gmt":"2016-06-18T19:58:47","guid":{"rendered":"http:\/\/www.lancry.cl\/web\/?post_type=product&#038;p=70780"},"modified":"2016-10-12T15:27:20","modified_gmt":"2016-10-12T15:27:20","slug":"corta-unas-grande","status":"publish","type":"product","link":"http:\/\/www.lancry.cl\/web\/producto\/corta-unas-grande\/","title":{"rendered":"Corta u\u00f1as grande"},"content":{"rendered":"","protected":false},"excerpt":{"rendered":"<p style=\"text-align: justify;\">Corta u\u00f1as cl\u00e1sico, tama\u00f1o grande.<\/p>\n<p style=\"text-align: justify;\"><span style=\"color: #800080;\">Corta u\u00f1as grande<\/span><\/p>\n<p><span style=\"color: #800080;\"><strong><a style=\"color: #800080;\" href=\"http:\/\/www.lancry.cl\/web\/producto\/p-recta-c-unas-gran\/\">Consulte por:<\/a><\/strong><\/span><\/p>\n<ul>\n<li><span style=\"color: #800080;\"><strong><a style=\"color: #800080;\" href=\"http:\/\/www.lancry.cl\/web\/producto\/p-recta-c-unas-gran\/\">Set Pinza recta + cortau\u00f1as grande<\/a><\/strong><\/span><\/li>\n<\/ul>\n<p style=\"text-align: justify;\"><img loading=\"lazy\" decoding=\"async\" class=\"alignnone wp-image-71410\" src=\"http:\/\/www.lancry.cl\/web\/wp-content\/uploads\/2016\/06\/pinzacortauna_grande.png\" alt=\"pinzacortauna_grande\" width=\"116\" height=\"150\" srcset=\"http:\/\/www.lancry.cl\/web\/wp-content\/uploads\/2016\/06\/pinzacortauna_grande.png 310w, http:\/\/www.lancry.cl\/web\/wp-content\/uploads\/2016\/06\/pinzacortauna_grande-233x300.png 233w\" sizes=\"auto, (max-width: 116px) 100vw, 116px\" \/><\/p>\n<ul>\n<li><span style=\"color: #800080;\"><strong><a style=\"color: #800080;\" href=\"http:\/\/www.lancry.cl\/web\/producto\/corta-unas-grande-chico\/\">Set corta u\u00f1as + corta u\u00f1as grande<\/a><\/strong><\/span><\/li>\n<\/ul>\n<p style=\"text-align: justify;\"><img loading=\"lazy\" decoding=\"async\" class=\"alignnone wp-image-71282\" src=\"http:\/\/www.lancry.cl\/web\/wp-content\/uploads\/2016\/07\/set_cortaunas.png\" alt=\"set_cortaunas\" width=\"116\" height=\"150\" srcset=\"http:\/\/www.lancry.cl\/web\/wp-content\/uploads\/2016\/07\/set_cortaunas.png 310w, http:\/\/www.lancry.cl\/web\/wp-content\/uploads\/2016\/07\/set_cortaunas-233x300.png 233w\" sizes=\"auto, (max-width: 116px) 100vw, 116px\" \/><\/p>\n<p style=\"text-align: left;\"><a href=\"http:\/\/www.lancry.cl\/web\/manicure\/\"><span style=\"color: #800080;\"><strong>Volver a Manicure<\/strong><\/span><\/a><\/p>\n","protected":false},"featured_media":70781,"comment_status":"closed","ping_status":"closed","template":"","meta":{"_joinchat":[]},"class_list":["post-70780","product","type-product","status-publish","has-post-thumbnail","hentry","product_cat-manicure"],"_links":{"self":[{"href":"http:\/\/www.lancry.cl\/web\/wp-json\/wp\/v2\/product\/70780","targetHints":{"allow":["GET"]}}],"collection":[{"href":"http:\/\/www.lancry.cl\/web\/wp-json\/wp\/v2\/product"}],"about":[{"href":"http:\/\/www.lancry.cl\/web\/wp-json\/wp\/v2\/types\/product"}],"replies":[{"embeddable":true,"href":"http:\/\/www.lancry.cl\/web\/wp-json\/wp\/v2\/comments?post=70780"}],"wp:featuredmedia":[{"embeddable":true,"href":"http:\/\/www.lancry.cl\/web\/wp-json\/wp\/v2\/media\/70781"}],"wp:attachment":[{"href":"http:\/\/www.lancry.cl\/web\/wp-json\/wp\/v2\/media?parent=70780"}],"curies":[{"name":"wp","href":"https:\/\/api.w.org\/{rel}","templated":true}]}}