{"id":70808,"date":"2016-06-23T20:14:31","date_gmt":"2016-06-23T20:14:31","guid":{"rendered":"http:\/\/www.lancry.cl\/web\/?post_type=product&#038;p=70808"},"modified":"2016-12-06T17:57:15","modified_gmt":"2016-12-06T17:57:15","slug":"set-bebe","status":"publish","type":"product","link":"http:\/\/www.lancry.cl\/web\/producto\/set-bebe\/","title":{"rendered":"Set Beb\u00e9"},"content":{"rendered":"","protected":false},"excerpt":{"rendered":"<p style=\"text-align: justify;\">Set Beb\u00e9: Set tijera de u\u00f1as para Beb\u00e9 + corta u\u00f1as Beb\u00e9, especiales para las delicadas manos de los ni\u00f1os m\u00e1s peque\u00f1os.<\/p>\n<p style=\"text-align: justify;\"><span style=\"color: #800080;\">Set Tijera u\u00f1as para Beb\u00e9 + Corta u\u00f1as Beb\u00e9<\/span><\/p>\n<p style=\"text-align: justify;\"><a href=\"http:\/\/www.lancry.cl\/web\/manicure\/\"><span style=\"color: #800080;\"><strong>Volver a Manicure<\/strong><\/span><\/a><\/p>\n","protected":false},"featured_media":70809,"comment_status":"closed","ping_status":"closed","template":"","meta":{"_joinchat":[]},"class_list":["post-70808","product","type-product","status-publish","has-post-thumbnail","hentry","product_cat-galeria"],"_links":{"self":[{"href":"http:\/\/www.lancry.cl\/web\/wp-json\/wp\/v2\/product\/70808","targetHints":{"allow":["GET"]}}],"collection":[{"href":"http:\/\/www.lancry.cl\/web\/wp-json\/wp\/v2\/product"}],"about":[{"href":"http:\/\/www.lancry.cl\/web\/wp-json\/wp\/v2\/types\/product"}],"replies":[{"embeddable":true,"href":"http:\/\/www.lancry.cl\/web\/wp-json\/wp\/v2\/comments?post=70808"}],"wp:featuredmedia":[{"embeddable":true,"href":"http:\/\/www.lancry.cl\/web\/wp-json\/wp\/v2\/media\/70809"}],"wp:attachment":[{"href":"http:\/\/www.lancry.cl\/web\/wp-json\/wp\/v2\/media?parent=70808"}],"curies":[{"name":"wp","href":"https:\/\/api.w.org\/{rel}","templated":true}]}}