{"id":70812,"date":"2016-06-25T20:15:04","date_gmt":"2016-06-25T20:15:04","guid":{"rendered":"http:\/\/www.lancry.cl\/web\/?post_type=product&#038;p=70812"},"modified":"2016-12-06T17:53:24","modified_gmt":"2016-12-06T17:53:24","slug":"tijera-para-bebes","status":"publish","type":"product","link":"http:\/\/www.lancry.cl\/web\/producto\/tijera-para-bebes\/","title":{"rendered":"Tijera de u\u00f1as para beb\u00e9s"},"content":{"rendered":"","protected":false},"excerpt":{"rendered":"<p style=\"text-align: justify;\">Tijera para cortar las\u00a0u\u00f1as de los\u00a0beb\u00e9s, con funda.<\/p>\n<p style=\"text-align: justify;\"><span style=\"color: #800080;\">Tijera de u\u00f1as para Beb\u00e9\u00a0con funda<\/span><\/p>\n<p style=\"text-align: justify;\"><a href=\"http:\/\/www.lancry.cl\/web\/producto\/set-bebe\/\"><span style=\"color: #800080;\"><strong>Consulte por el Set Beb\u00e9, que incluye tijeras + corta u\u00f1as para beb\u00e9<\/strong><\/span><\/a><\/p>\n<p style=\"text-align: justify;\"><img loading=\"lazy\" decoding=\"async\" class=\"alignleft wp-image-70809\" src=\"http:\/\/www.lancry.cl\/web\/wp-content\/uploads\/2016\/05\/set-tijeras-u\u00c3\u00b1as-bebe-corta-u\u00c3\u00b1as-bebe-6135.png\" alt=\"set-tijeras-u\u00c3\u00b1as-bebe-+-corta-u\u00c3\u00b1as-bebe-6135\" width=\"116\" height=\"150\" srcset=\"http:\/\/www.lancry.cl\/web\/wp-content\/uploads\/2016\/05\/set-tijeras-u\u00c3\u00b1as-bebe-corta-u\u00c3\u00b1as-bebe-6135.png 310w, http:\/\/www.lancry.cl\/web\/wp-content\/uploads\/2016\/05\/set-tijeras-u\u00c3\u00b1as-bebe-corta-u\u00c3\u00b1as-bebe-6135-233x300.png 233w\" sizes=\"auto, (max-width: 116px) 100vw, 116px\" \/><\/p>\n<p>&nbsp;<\/p>\n<p>&nbsp;<\/p>\n<p>&nbsp;<\/p>\n<p>&nbsp;<\/p>\n<p>&nbsp;<\/p>\n<p><a href=\"http:\/\/www.lancry.cl\/web\/manicure\/\"><span style=\"color: #800080;\"><strong>Volver a Manicure<\/strong><\/span><\/a><\/p>\n","protected":false},"featured_media":71417,"comment_status":"closed","ping_status":"closed","template":"","meta":{"_joinchat":[]},"class_list":["post-70812","product","type-product","status-publish","has-post-thumbnail","hentry","product_cat-manicure"],"_links":{"self":[{"href":"http:\/\/www.lancry.cl\/web\/wp-json\/wp\/v2\/product\/70812","targetHints":{"allow":["GET"]}}],"collection":[{"href":"http:\/\/www.lancry.cl\/web\/wp-json\/wp\/v2\/product"}],"about":[{"href":"http:\/\/www.lancry.cl\/web\/wp-json\/wp\/v2\/types\/product"}],"replies":[{"embeddable":true,"href":"http:\/\/www.lancry.cl\/web\/wp-json\/wp\/v2\/comments?post=70812"}],"wp:featuredmedia":[{"embeddable":true,"href":"http:\/\/www.lancry.cl\/web\/wp-json\/wp\/v2\/media\/71417"}],"wp:attachment":[{"href":"http:\/\/www.lancry.cl\/web\/wp-json\/wp\/v2\/media?parent=70812"}],"curies":[{"name":"wp","href":"https:\/\/api.w.org\/{rel}","templated":true}]}}