{"id":70937,"date":"2016-05-23T21:39:27","date_gmt":"2016-05-23T21:39:27","guid":{"rendered":"http:\/\/www.lancry.cl\/web\/?post_type=product&#038;p=70937"},"modified":"2016-10-12T15:32:34","modified_gmt":"2016-10-12T15:32:34","slug":"sacapuntas-doble","status":"publish","type":"product","link":"http:\/\/www.lancry.cl\/web\/producto\/sacapuntas-doble\/","title":{"rendered":"Sacapuntas doble"},"content":{"rendered":"","protected":false},"excerpt":{"rendered":"<p style=\"text-align: justify;\">Pr\u00e1ctico sacapunta doble, para dos tama\u00f1os de l\u00e1pices.<\/p>\n<p style=\"text-align: justify;\"><span style=\"color: #800080;\">Sacapuntas doble<\/span><\/p>\n<p style=\"text-align: justify;\"><a href=\"http:\/\/www.lancry.cl\/web\/lapiz-delineador\/\"><strong><span style=\"color: #800080;\">Volver a Delineadores<\/span><\/strong><\/a><\/p>\n","protected":false},"featured_media":70938,"comment_status":"closed","ping_status":"closed","template":"","meta":{"_joinchat":[]},"class_list":["post-70937","product","type-product","status-publish","has-post-thumbnail","hentry","product_cat-delineador"],"_links":{"self":[{"href":"http:\/\/www.lancry.cl\/web\/wp-json\/wp\/v2\/product\/70937","targetHints":{"allow":["GET"]}}],"collection":[{"href":"http:\/\/www.lancry.cl\/web\/wp-json\/wp\/v2\/product"}],"about":[{"href":"http:\/\/www.lancry.cl\/web\/wp-json\/wp\/v2\/types\/product"}],"replies":[{"embeddable":true,"href":"http:\/\/www.lancry.cl\/web\/wp-json\/wp\/v2\/comments?post=70937"}],"wp:featuredmedia":[{"embeddable":true,"href":"http:\/\/www.lancry.cl\/web\/wp-json\/wp\/v2\/media\/70938"}],"wp:attachment":[{"href":"http:\/\/www.lancry.cl\/web\/wp-json\/wp\/v2\/media?parent=70937"}],"curies":[{"name":"wp","href":"https:\/\/api.w.org\/{rel}","templated":true}]}}