{"id":70973,"date":"2016-06-29T18:49:18","date_gmt":"2016-06-29T18:49:18","guid":{"rendered":"http:\/\/www.lancry.cl\/web\/?post_type=product&#038;p=70973"},"modified":"2016-10-12T15:22:31","modified_gmt":"2016-10-12T15:22:31","slug":"aplicador-punta-esponja-2","status":"publish","type":"product","link":"http:\/\/www.lancry.cl\/web\/producto\/aplicador-punta-esponja-2\/","title":{"rendered":"Aplicador punta esponja VG + 3 repuestos"},"content":{"rendered":"","protected":false},"excerpt":{"rendered":"<p style=\"text-align: justify;\">Dise\u00f1ado para aplicar sombra sobre la superficie de los p\u00e1rpados. Extienda la sombra en forma pareja y completa, desde el centro del p\u00e1rpado hacia el exterior, dando un efecto difuminado. Confeccionados en material de esponja (felpa y sint\u00e9tico). Este aplicador posee distintos cabezales, para distintos acabados.<\/p>\n<p><span style=\"color: #800080;\">9641 Aplicador punta esponja \u00a0VG + 3 repuestos<\/span><\/p>\n<p><a href=\"http:\/\/www.lancry.cl\/web\/pinceles-vg-collection\/\"><span style=\"color: #800080;\"><strong>Volver a Pinceles VG<\/strong><\/span><\/a><\/p>\n","protected":false},"featured_media":71331,"comment_status":"closed","ping_status":"closed","template":"","meta":{"_joinchat":[]},"class_list":["post-70973","product","type-product","status-publish","has-post-thumbnail","hentry","product_cat-pinceles-vg"],"_links":{"self":[{"href":"http:\/\/www.lancry.cl\/web\/wp-json\/wp\/v2\/product\/70973","targetHints":{"allow":["GET"]}}],"collection":[{"href":"http:\/\/www.lancry.cl\/web\/wp-json\/wp\/v2\/product"}],"about":[{"href":"http:\/\/www.lancry.cl\/web\/wp-json\/wp\/v2\/types\/product"}],"replies":[{"embeddable":true,"href":"http:\/\/www.lancry.cl\/web\/wp-json\/wp\/v2\/comments?post=70973"}],"wp:featuredmedia":[{"embeddable":true,"href":"http:\/\/www.lancry.cl\/web\/wp-json\/wp\/v2\/media\/71331"}],"wp:attachment":[{"href":"http:\/\/www.lancry.cl\/web\/wp-json\/wp\/v2\/media?parent=70973"}],"curies":[{"name":"wp","href":"https:\/\/api.w.org\/{rel}","templated":true}]}}