{"id":70991,"date":"2016-07-04T19:23:58","date_gmt":"2016-07-04T19:23:58","guid":{"rendered":"http:\/\/www.lancry.cl\/web\/?post_type=product&#038;p=70991"},"modified":"2016-10-12T15:19:32","modified_gmt":"2016-10-12T15:19:32","slug":"pincel-ceja","status":"publish","type":"product","link":"http:\/\/www.lancry.cl\/web\/producto\/pincel-ceja\/","title":{"rendered":"Pincel cejas"},"content":{"rendered":"","protected":false},"excerpt":{"rendered":"<p style=\"text-align: justify;\">Su objetivo es peinar las cejas despu\u00e9s de pintarlas con el\u00a0l\u00e1piz de cejas, dando un toque natural a \u00e9stas. Dise\u00f1ado con puntas oblicuas y confeccionado con cerdas duras.<\/p>\n<p style=\"text-align: justify;\"><span style=\"color: #800080;\">9658 Pincel cejas<\/span><\/p>\n<p style=\"text-align: justify;\"><span style=\"color: #800080;\"><strong><a style=\"color: #800080;\" href=\"http:\/\/www.lancry.cl\/web\/producto\/pincel-cejas-blister\/\">Consulte por el set\u00a0de 3 unidades<\/a><\/strong><\/span><\/p>\n<p style=\"text-align: justify;\"><img loading=\"lazy\" decoding=\"async\" class=\"alignleft wp-image-71250\" src=\"http:\/\/www.lancry.cl\/web\/wp-content\/uploads\/2016\/07\/pincel_cejas_blister.png\" alt=\"pincel_cejas_blister\" width=\"116\" height=\"150\" srcset=\"http:\/\/www.lancry.cl\/web\/wp-content\/uploads\/2016\/07\/pincel_cejas_blister.png 310w, http:\/\/www.lancry.cl\/web\/wp-content\/uploads\/2016\/07\/pincel_cejas_blister-233x300.png 233w\" sizes=\"auto, (max-width: 116px) 100vw, 116px\" \/><\/p>\n<p>&nbsp;<\/p>\n<p>&nbsp;<\/p>\n<p>&nbsp;<\/p>\n<p>&nbsp;<\/p>\n<p>&nbsp;<\/p>\n<p><a href=\"http:\/\/www.lancry.cl\/web\/pinceles\/\"><span style=\"color: #800080;\"><strong>Volver a Pinceles y Aplicadores<\/strong><\/span><\/a><\/p>\n","protected":false},"featured_media":70992,"comment_status":"closed","ping_status":"closed","template":"","meta":{"_joinchat":[]},"class_list":["post-70991","product","type-product","status-publish","has-post-thumbnail","hentry","product_cat-aplicadores-sombra","product_cat-pincel"],"_links":{"self":[{"href":"http:\/\/www.lancry.cl\/web\/wp-json\/wp\/v2\/product\/70991","targetHints":{"allow":["GET"]}}],"collection":[{"href":"http:\/\/www.lancry.cl\/web\/wp-json\/wp\/v2\/product"}],"about":[{"href":"http:\/\/www.lancry.cl\/web\/wp-json\/wp\/v2\/types\/product"}],"replies":[{"embeddable":true,"href":"http:\/\/www.lancry.cl\/web\/wp-json\/wp\/v2\/comments?post=70991"}],"wp:featuredmedia":[{"embeddable":true,"href":"http:\/\/www.lancry.cl\/web\/wp-json\/wp\/v2\/media\/70992"}],"wp:attachment":[{"href":"http:\/\/www.lancry.cl\/web\/wp-json\/wp\/v2\/media?parent=70991"}],"curies":[{"name":"wp","href":"https:\/\/api.w.org\/{rel}","templated":true}]}}