{"id":70999,"date":"2016-07-02T19:31:22","date_gmt":"2016-07-02T19:31:22","guid":{"rendered":"http:\/\/www.lancry.cl\/web\/?post_type=product&#038;p=70999"},"modified":"2016-10-12T15:20:28","modified_gmt":"2016-10-12T15:20:28","slug":"pincel-delineador-3","status":"publish","type":"product","link":"http:\/\/www.lancry.cl\/web\/producto\/pincel-delineador-3\/","title":{"rendered":"Pincel Delineador Ojos"},"content":{"rendered":"","protected":false},"excerpt":{"rendered":"<p style=\"text-align: justify;\">Pinceles muy finos, que permiten dibujar una l\u00ednea continua y delgada en el p\u00e1rpado, sobre las pesta\u00f1as. Comenzando desde la parte interior del ojo hacia afuera, alargando el ojo.Confeccionados con la mejor calidad de pelos.<\/p>\n<p><span style=\"color: #800080;\">9282 Pincel delineador ojos<\/span><\/p>\n<p><span style=\"color: #800080;\"><strong><a style=\"color: #800080;\" href=\"http:\/\/www.lancry.cl\/web\/producto\/pincel-delin-ojos-x-3\/\">Consulte por el set\u00a0de 3 unidades<\/a><\/strong><\/span><\/p>\n<p><img loading=\"lazy\" decoding=\"async\" class=\"alignleft wp-image-71255\" src=\"http:\/\/www.lancry.cl\/web\/wp-content\/uploads\/2016\/07\/pincel_delin_ojos_blister.png\" alt=\"pincel_delin_ojos_blister\" width=\"116\" height=\"150\" \/><\/p>\n<p>&nbsp;<\/p>\n<p>&nbsp;<\/p>\n<p>&nbsp;<\/p>\n<p>&nbsp;<\/p>\n<p>&nbsp;<\/p>\n<p><a href=\"http:\/\/www.lancry.cl\/web\/pinceles\/\"><strong><span style=\"color: #800080;\">Volver a Pinceles y Aplicadores<\/span><\/strong><\/a><\/p>\n<p>&nbsp;<\/p>\n<p>&nbsp;<\/p>\n","protected":false},"featured_media":71000,"comment_status":"closed","ping_status":"closed","template":"","meta":{"_joinchat":[]},"class_list":["post-70999","product","type-product","status-publish","has-post-thumbnail","hentry","product_cat-aplicadores-sombra","product_cat-pincel"],"_links":{"self":[{"href":"http:\/\/www.lancry.cl\/web\/wp-json\/wp\/v2\/product\/70999","targetHints":{"allow":["GET"]}}],"collection":[{"href":"http:\/\/www.lancry.cl\/web\/wp-json\/wp\/v2\/product"}],"about":[{"href":"http:\/\/www.lancry.cl\/web\/wp-json\/wp\/v2\/types\/product"}],"replies":[{"embeddable":true,"href":"http:\/\/www.lancry.cl\/web\/wp-json\/wp\/v2\/comments?post=70999"}],"wp:featuredmedia":[{"embeddable":true,"href":"http:\/\/www.lancry.cl\/web\/wp-json\/wp\/v2\/media\/71000"}],"wp:attachment":[{"href":"http:\/\/www.lancry.cl\/web\/wp-json\/wp\/v2\/media?parent=70999"}],"curies":[{"name":"wp","href":"https:\/\/api.w.org\/{rel}","templated":true}]}}