{"id":71027,"date":"2016-06-30T20:03:55","date_gmt":"2016-06-30T20:03:55","guid":{"rendered":"http:\/\/www.lancry.cl\/web\/?post_type=product&#038;p=71027"},"modified":"2016-10-12T15:21:41","modified_gmt":"2016-10-12T15:21:41","slug":"aplicador-mini","status":"publish","type":"product","link":"http:\/\/www.lancry.cl\/web\/producto\/aplicador-mini\/","title":{"rendered":"Aplicador mini punta esponja"},"content":{"rendered":"","protected":false},"excerpt":{"rendered":"<p style=\"text-align: justify;\">Dise\u00f1ado para aplicar sombra sobre la superficie de los p\u00e1rpados. Extienda la sombra en forma pareja y completa, desde el centro del p\u00e1rpado hacia el exterior, dando un efecto difuminado. Confeccionados en material de esponja (felpa y sint\u00e9tico).<\/p>\n<p style=\"text-align: justify;\"><span style=\"color: #800080;\">51 Aplicador mini punta esponja<\/span><\/p>\n<p style=\"text-align: justify;\"><span style=\"color: #800080;\"><strong><a style=\"color: #800080;\" href=\"http:\/\/www.lancry.cl\/web\/producto\/aplic-mini-blister\/\">Consulte por el set\u00a0de 6 unidades<\/a><\/strong><\/span><\/p>\n<p style=\"text-align: justify;\"><img loading=\"lazy\" decoding=\"async\" class=\"alignleft wp-image-71261\" src=\"http:\/\/www.lancry.cl\/web\/wp-content\/uploads\/2016\/07\/mini_aplicador.png\" alt=\"mini_aplicador\" width=\"116\" height=\"150\" srcset=\"http:\/\/www.lancry.cl\/web\/wp-content\/uploads\/2016\/07\/mini_aplicador.png 310w, http:\/\/www.lancry.cl\/web\/wp-content\/uploads\/2016\/07\/mini_aplicador-233x300.png 233w\" sizes=\"auto, (max-width: 116px) 100vw, 116px\" \/><\/p>\n<p>&nbsp;<\/p>\n<p>&nbsp;<\/p>\n<p>&nbsp;<\/p>\n<p>&nbsp;<\/p>\n<p>&nbsp;<\/p>\n<p><a href=\"http:\/\/www.lancry.cl\/web\/pinceles\/\"><strong><span style=\"color: #800080;\">Volver a Pinceles y Aplicadores<\/span><\/strong><\/a><\/p>\n","protected":false},"featured_media":71375,"comment_status":"closed","ping_status":"closed","template":"","meta":{"_joinchat":[]},"class_list":["post-71027","product","type-product","status-publish","has-post-thumbnail","hentry","product_cat-aplicadores-sombra","product_cat-pincel"],"_links":{"self":[{"href":"http:\/\/www.lancry.cl\/web\/wp-json\/wp\/v2\/product\/71027","targetHints":{"allow":["GET"]}}],"collection":[{"href":"http:\/\/www.lancry.cl\/web\/wp-json\/wp\/v2\/product"}],"about":[{"href":"http:\/\/www.lancry.cl\/web\/wp-json\/wp\/v2\/types\/product"}],"replies":[{"embeddable":true,"href":"http:\/\/www.lancry.cl\/web\/wp-json\/wp\/v2\/comments?post=71027"}],"wp:featuredmedia":[{"embeddable":true,"href":"http:\/\/www.lancry.cl\/web\/wp-json\/wp\/v2\/media\/71375"}],"wp:attachment":[{"href":"http:\/\/www.lancry.cl\/web\/wp-json\/wp\/v2\/media?parent=71027"}],"curies":[{"name":"wp","href":"https:\/\/api.w.org\/{rel}","templated":true}]}}