{"id":71031,"date":"2016-06-30T20:06:44","date_gmt":"2016-06-30T20:06:44","guid":{"rendered":"http:\/\/www.lancry.cl\/web\/?post_type=product&#038;p=71031"},"modified":"2016-10-13T14:13:12","modified_gmt":"2016-10-13T14:13:12","slug":"aplicador-esponja","status":"publish","type":"product","link":"http:\/\/www.lancry.cl\/web\/producto\/aplicador-esponja\/","title":{"rendered":"Aplicador punta esponja"},"content":{"rendered":"","protected":false},"excerpt":{"rendered":"<p style=\"text-align: justify;\">Dise\u00f1ado para aplicar sombra sobre la superficie de los p\u00e1rpados. Extienda la sombra en forma pareja y completa, desde el centro del p\u00e1rpado hacia el exterior, dando un efecto difuminado. Confeccionados en material de esponja (felpa y sint\u00e9tico).<\/p>\n<p style=\"text-align: justify;\"><span style=\"color: #800080;\">0003 Aplicador punta esponja (felpa)<\/span><\/p>\n<p style=\"text-align: justify;\"><a href=\"http:\/\/www.lancry.cl\/web\/producto\/set-aplicador-punta-esponja\/\"><span style=\"color: #800080;\"><strong>Consulte por el set de 3 unidades<\/strong><\/span><\/a><\/p>\n<p style=\"text-align: justify;\"><a href=\"http:\/\/www.lancry.cl\/web\/wp-content\/uploads\/2016\/10\/aplicador-003-set.png\"><img loading=\"lazy\" decoding=\"async\" class=\"alignnone wp-image-71421\" src=\"http:\/\/www.lancry.cl\/web\/wp-content\/uploads\/2016\/10\/aplicador-003-set.png\" alt=\"aplicador-003-set\" width=\"116\" height=\"150\" srcset=\"http:\/\/www.lancry.cl\/web\/wp-content\/uploads\/2016\/10\/aplicador-003-set.png 310w, http:\/\/www.lancry.cl\/web\/wp-content\/uploads\/2016\/10\/aplicador-003-set-233x300.png 233w\" sizes=\"auto, (max-width: 116px) 100vw, 116px\" \/><\/a><\/p>\n<p style=\"text-align: justify;\"><a href=\"http:\/\/www.lancry.cl\/web\/pinceles\/\"><strong><span style=\"color: #800080;\">Volver a Pinceles y Aplicadores<\/span><\/strong><\/a><\/p>\n","protected":false},"featured_media":71422,"comment_status":"closed","ping_status":"closed","template":"","meta":{"_joinchat":[]},"class_list":["post-71031","product","type-product","status-publish","has-post-thumbnail","hentry","product_cat-aplicadores-sombra","product_cat-pincel"],"_links":{"self":[{"href":"http:\/\/www.lancry.cl\/web\/wp-json\/wp\/v2\/product\/71031","targetHints":{"allow":["GET"]}}],"collection":[{"href":"http:\/\/www.lancry.cl\/web\/wp-json\/wp\/v2\/product"}],"about":[{"href":"http:\/\/www.lancry.cl\/web\/wp-json\/wp\/v2\/types\/product"}],"replies":[{"embeddable":true,"href":"http:\/\/www.lancry.cl\/web\/wp-json\/wp\/v2\/comments?post=71031"}],"wp:featuredmedia":[{"embeddable":true,"href":"http:\/\/www.lancry.cl\/web\/wp-json\/wp\/v2\/media\/71422"}],"wp:attachment":[{"href":"http:\/\/www.lancry.cl\/web\/wp-json\/wp\/v2\/media?parent=71031"}],"curies":[{"name":"wp","href":"https:\/\/api.w.org\/{rel}","templated":true}]}}