{"id":71037,"date":"2016-06-20T20:18:54","date_gmt":"2016-06-20T20:18:54","guid":{"rendered":"http:\/\/www.lancry.cl\/web\/?post_type=product&#038;p=71037"},"modified":"2016-10-12T15:26:41","modified_gmt":"2016-10-12T15:26:41","slug":"encrespador","status":"publish","type":"product","link":"http:\/\/www.lancry.cl\/web\/producto\/encrespador\/","title":{"rendered":"Encrespador pesta\u00f1as"},"content":{"rendered":"","protected":false},"excerpt":{"rendered":"<p style=\"text-align: justify;\">El encrespador de pesta\u00f1as met\u00e1lico, al encrespar, hace que sus pesta\u00f1as se vean m\u00e1s largas, d\u00e1ndole una mayor expresividad al ojo. Incluye repuesto.<\/p>\n<p style=\"text-align: justify;\"><span style=\"color: #800080;\">25MS Encrespador pesta\u00f1as con caja.<\/span><\/p>\n<p style=\"text-align: justify;\"><span style=\"color: #800080;\"><strong><a style=\"color: #800080;\" href=\"http:\/\/www.lancry.cl\/web\/producto\/set-encrespador-pinza\/\">Consulte por el set encrespador m\u00e1s pinza<\/a><\/strong><\/span><\/p>\n<p style=\"text-align: justify;\"><a href=\"http:\/\/www.lancry.cl\/web\/wp-content\/uploads\/2016\/07\/encrespador-pinza.png\"><img loading=\"lazy\" decoding=\"async\" class=\"alignleft wp-image-71263\" src=\"http:\/\/www.lancry.cl\/web\/wp-content\/uploads\/2016\/07\/encrespador-pinza.png\" alt=\"encrespador + pinza\" width=\"116\" height=\"150\" srcset=\"http:\/\/www.lancry.cl\/web\/wp-content\/uploads\/2016\/07\/encrespador-pinza.png 310w, http:\/\/www.lancry.cl\/web\/wp-content\/uploads\/2016\/07\/encrespador-pinza-233x300.png 233w\" sizes=\"auto, (max-width: 116px) 100vw, 116px\" \/><\/a><\/p>\n<p>&nbsp;<\/p>\n<p>&nbsp;<\/p>\n<p>&nbsp;<\/p>\n<p>&nbsp;<\/p>\n<p>&nbsp;<\/p>\n<p><a href=\"http:\/\/www.lancry.cl\/web\/otros\/\"><strong><span style=\"color: #800080;\">Volver a Otros<\/span><\/strong><\/a><\/p>\n","protected":false},"featured_media":71170,"comment_status":"closed","ping_status":"closed","template":"","meta":{"_joinchat":[]},"class_list":["post-71037","product","type-product","status-publish","has-post-thumbnail","hentry","product_cat-accesorios-para-maquillaje","product_cat-otros-productos"],"_links":{"self":[{"href":"http:\/\/www.lancry.cl\/web\/wp-json\/wp\/v2\/product\/71037","targetHints":{"allow":["GET"]}}],"collection":[{"href":"http:\/\/www.lancry.cl\/web\/wp-json\/wp\/v2\/product"}],"about":[{"href":"http:\/\/www.lancry.cl\/web\/wp-json\/wp\/v2\/types\/product"}],"replies":[{"embeddable":true,"href":"http:\/\/www.lancry.cl\/web\/wp-json\/wp\/v2\/comments?post=71037"}],"wp:featuredmedia":[{"embeddable":true,"href":"http:\/\/www.lancry.cl\/web\/wp-json\/wp\/v2\/media\/71170"}],"wp:attachment":[{"href":"http:\/\/www.lancry.cl\/web\/wp-json\/wp\/v2\/media?parent=71037"}],"curies":[{"name":"wp","href":"https:\/\/api.w.org\/{rel}","templated":true}]}}