{"id":71260,"date":"2016-06-28T19:50:54","date_gmt":"2016-06-28T19:50:54","guid":{"rendered":"http:\/\/www.lancry.cl\/web\/?post_type=product&#038;p=71260"},"modified":"2016-10-12T15:24:02","modified_gmt":"2016-10-12T15:24:02","slug":"aplic-mini-blister","status":"publish","type":"product","link":"http:\/\/www.lancry.cl\/web\/producto\/aplic-mini-blister\/","title":{"rendered":"Set Aplicador mini esponja"},"content":{"rendered":"","protected":false},"excerpt":{"rendered":"<p style=\"text-align: justify;\">Dise\u00f1ado para aplicar sombra sobre la superficie de los p\u00e1rpados. Extienda la sombra en forma pareja y completa, desde el centro del p\u00e1rpado hacia el exterior, dando un efecto difuminado. Confeccionados en material de esponja (felpa y sint\u00e9tico). Blister 6\u00a0un.<\/p>\n<p style=\"text-align: justify;\"><span style=\"color: #800080;\">9617 Aplicador mini punta esponja x 6 un.<\/span><\/p>\n<p style=\"text-align: justify;\"><a href=\"http:\/\/www.lancry.cl\/web\/pinceles\/\"><span style=\"color: #800080;\"><strong>Volver a Pinceles y Aplicadores<\/strong><\/span><\/a><\/p>\n","protected":false},"featured_media":71261,"comment_status":"closed","ping_status":"closed","template":"","meta":{"_joinchat":[]},"class_list":["post-71260","product","type-product","status-publish","has-post-thumbnail","hentry","product_cat-galeria"],"_links":{"self":[{"href":"http:\/\/www.lancry.cl\/web\/wp-json\/wp\/v2\/product\/71260","targetHints":{"allow":["GET"]}}],"collection":[{"href":"http:\/\/www.lancry.cl\/web\/wp-json\/wp\/v2\/product"}],"about":[{"href":"http:\/\/www.lancry.cl\/web\/wp-json\/wp\/v2\/types\/product"}],"replies":[{"embeddable":true,"href":"http:\/\/www.lancry.cl\/web\/wp-json\/wp\/v2\/comments?post=71260"}],"wp:featuredmedia":[{"embeddable":true,"href":"http:\/\/www.lancry.cl\/web\/wp-json\/wp\/v2\/media\/71261"}],"wp:attachment":[{"href":"http:\/\/www.lancry.cl\/web\/wp-json\/wp\/v2\/media?parent=71260"}],"curies":[{"name":"wp","href":"https:\/\/api.w.org\/{rel}","templated":true}]}}